{"id":5717,"date":"2022-05-31T17:06:51","date_gmt":"2022-05-31T16:06:51","guid":{"rendered":"https:\/\/nproxx.com\/carrieres\/travailler-chez-nproxx\/"},"modified":"2022-05-31T17:07:22","modified_gmt":"2022-05-31T16:07:22","slug":"travailler-chez-nproxx","status":"publish","type":"page","link":"https:\/\/www.nproxx.com\/fr\/carrieres\/travailler-chez-nproxx\/","title":{"rendered":"Travailler chez NPROXX"},"content":{"rendered":"<h2><strong>Pourquoi une carri\u00e8re dans l\u2019hydrog\u00e8ne\u00a0?<\/strong><\/h2>\n<p>\u00c0 mesure que l\u2019humanit\u00e9 cherche \u00e0 remplacer les carburants fossiles polluants par des sources d\u2019\u00e9nergie \u00e0 faibles ou z\u00e9ro \u00e9missions fiables capables de r\u00e9pondre \u00e0 notre demande en \u00e9nergie en constante augmentation, l\u2019hydrog\u00e8ne semble un choix \u00e9vident pour satisfaire ces besoins.<\/p>\n<p>Avec la demande croissante de solutions de stockage de l\u2019hydrog\u00e8ne, c\u2019est une p\u00e9riode passionnante pour travailler dans ce secteur. NPROXX contribue \u00e0 repenser et \u00e0 reconstruire compl\u00e8tement l\u2019infrastructure \u00e9nerg\u00e9tique moderne. Il s\u2019agit l\u00e0 d\u2019un d\u00e9fi technologique de taille, mais aussi d\u2019une formidable opportunit\u00e9 pour ceux qui contribuent \u00e0 fa\u00e7onner l\u2019avenir.<\/p>\n<p>\u00ab\u00a0Chez NPROXX, nous voyons un futur dans lequel nos villes et autoroutes seront emprunt\u00e9es par des v\u00e9hicules de toutes tailles, qui fonctionneront \u00e0 l\u2019hydrog\u00e8ne et ne rejetteront que de l\u2019eau. Nous pensons qu\u2019il s\u2019agit de l\u2019une des solutions les plus fiables pour un transport totalement propre. Nous voyons \u00e9galement un futur dans lequel la puissance \u00e9lectrique domestique peut \u00eatre fournie par des panneaux solaires, une machine \u00e0 \u00e9lectrolyse et une pile \u00e0 hydrog\u00e8ne, afin de chauffer et d\u2019\u00e9clairer les maisons sans \u00e9missions de carbone.\u00a0\u00bb<\/p>\n<p>&#8211; Rainer vor dem Esche, Directeur g\u00e9n\u00e9ral de NPROXX<\/p>\n<h2><strong>Que proposons-nous\u00a0?<\/strong><\/h2>\n<ul>\n<li>Une culture d\u2019entreprise coll\u00e9giale dans laquelle nous appr\u00e9cions la loyaut\u00e9 \u00e0 long terme des employ\u00e9s et offrons une excellente progression pour l\u2019avenir<\/li>\n<li>Des innovations technologiques uniques et un travail d\u2019\u00e9quipe dans le cadre de projets r\u00e9volutionnaires passionnants<\/li>\n<li>Une \u00e9quipe internationale de sp\u00e9cialistes hautement qualifi\u00e9s \u00e0 vos c\u00f4t\u00e9s pour travailler<\/li>\n<li>Des opportunit\u00e9s de progression r\u00e9guli\u00e8res qui non seulement \u00e9largissent vos horizons professionnels, mais favorisent \u00e9galement votre d\u00e9veloppement personnel<\/li>\n<li>Une organisation o\u00f9 votre voix et votre contribution comptent<\/li>\n<li>De bonnes conditions de travail et la prise en compte de la sant\u00e9 et du bien-\u00eatre des employ\u00e9s<\/li>\n<li>Des \u00e9v\u00e9nements sociaux qui favorisent la coh\u00e9sion d\u2019\u00e9quipe<\/li>\n<li>Deux sites ultramodernes \u00e0 proximit\u00e9 de villes dynamiques, Aix-la-Chapelle et Maastricht, qui poss\u00e8dent des cultures vivantes et des centres-villes historiques<\/li>\n<\/ul>\n<h2><strong>De qui avons-nous besoin\u00a0? <\/strong><\/h2>\n<p>Chez NPROXX, nous recherchons des personnes motiv\u00e9es et exp\u00e9riment\u00e9es pour occuper des postes passionnants d\u2019ing\u00e9nieurs, de scientifiques et de techniciens. En rejoignant notre \u00e9quipe, vous renforcerez un effectif en pleine croissance, avec un \u00e9ventail de t\u00e2ches et de disciplines en constante \u00e9volution, tout en travaillant \u00e9troitement avec nos produits de pointe. Notre \u00e9quipe internationale offre un environnement passionnant et \u00e9nergique o\u00f9 vous pouvez apprendre, vous \u00e9panouir et vous d\u00e9velopper en apportant votre expertise \u00e0 un secteur en \u00e9volution rapide.<\/p>\n<p>Pour tout professionnel de l\u2019industrie qui souhaite contribuer \u00e0 la mise en place d\u2019un approvisionnement \u00e9nerg\u00e9tique v\u00e9ritablement durable, \u00e9volutif et propre, NPROXX est l\u2019endroit id\u00e9al.<\/p>\n<hr \/>\n<p>Pour en savoir plus sur la proc\u00e9dure \u00e0 suivre pour travailler avec nous chez NPROXX, consultez notre page <a href=\"https:\/\/nproxx.com\/fr\/carrieres\/\">Carri\u00e8res<\/a> pour consulter les offres d\u2019emploi actuelles ou <a href=\"mailto:careers@nproxx.com\">envoyez-nous par e-mail une copie de votre CV<\/a>.<\/p>\n<hr\/>\n<p>&nbsp;<\/p>\n","protected":false},"excerpt":{"rendered":"<p>Travaillez avec NPROXX sur notre technologie innovante de stockage de l\u2019hydrog\u00e8ne pour aider \u00e0 ouvrir la voie dans l\u2019industrie du transport propre qui \u00e9volue rapidement.<\/p>\n","protected":false},"author":7,"featured_media":5366,"parent":5708,"menu_order":2,"comment_status":"closed","ping_status":"closed","template":"","meta":{"_acf_changed":false,"footnotes":""},"class_list":["post-5717","page","type-page","status-publish","has-post-thumbnail","hentry"],"acf":[],"yoast_head":"<!-- This site is optimized with the Yoast SEO plugin v24.3 - https:\/\/yoast.com\/wordpress\/plugins\/seo\/ -->\n<title>Travailler avec nous - NPROXX<\/title>\n<meta name=\"description\" content=\"D\u00e9couvrez comment une carri\u00e8re chez NPROXX pourrait vous permettre de contribuer \u00e0 changer le monde des transports propres gr\u00e2ce \u00e0 une technologie innovante de stockage de l\u2019hydrog\u00e8ne.\" \/>\n<meta name=\"robots\" content=\"index, follow, max-snippet:-1, max-image-preview:large, max-video-preview:-1\" \/>\n<link rel=\"canonical\" href=\"https:\/\/www.nproxx.com\/fr\/carrieres\/travailler-chez-nproxx\/\" \/>\n<meta property=\"og:locale\" content=\"fr_FR\" \/>\n<meta property=\"og:type\" content=\"article\" \/>\n<meta property=\"og:title\" content=\"Travailler avec nous - NPROXX\" \/>\n<meta property=\"og:description\" content=\"D\u00e9couvrez comment une carri\u00e8re chez NPROXX pourrait vous permettre de contribuer \u00e0 changer le monde des transports propres gr\u00e2ce \u00e0 une technologie innovante de stockage de l\u2019hydrog\u00e8ne.\" \/>\n<meta property=\"og:url\" content=\"https:\/\/www.nproxx.com\/fr\/carrieres\/travailler-chez-nproxx\/\" \/>\n<meta property=\"og:site_name\" content=\"NPROXX\" \/>\n<meta property=\"article:modified_time\" content=\"2022-05-31T16:07:22+00:00\" \/>\n<meta property=\"og:image\" content=\"https:\/\/www.nproxx.com\/app\/uploads\/2022\/05\/who_we_are-scaled.jpg\" \/>\n\t<meta property=\"og:image:width\" content=\"2560\" \/>\n\t<meta property=\"og:image:height\" content=\"843\" \/>\n\t<meta property=\"og:image:type\" content=\"image\/jpeg\" \/>\n<meta name=\"twitter:card\" content=\"summary_large_image\" \/>\n<meta name=\"twitter:label1\" content=\"Est. reading time\" \/>\n\t<meta name=\"twitter:data1\" content=\"3 minute\" \/>\n<script type=\"application\/ld+json\" class=\"yoast-schema-graph\">{\"@context\":\"https:\/\/schema.org\",\"@graph\":[{\"@type\":\"WebPage\",\"@id\":\"https:\/\/www.nproxx.com\/fr\/carrieres\/travailler-chez-nproxx\/\",\"url\":\"https:\/\/www.nproxx.com\/fr\/carrieres\/travailler-chez-nproxx\/\",\"name\":\"Travailler avec nous - NPROXX\",\"isPartOf\":{\"@id\":\"https:\/\/www.nproxx.com\/fr\/#website\"},\"primaryImageOfPage\":{\"@id\":\"https:\/\/www.nproxx.com\/fr\/carrieres\/travailler-chez-nproxx\/#primaryimage\"},\"image\":{\"@id\":\"https:\/\/www.nproxx.com\/fr\/carrieres\/travailler-chez-nproxx\/#primaryimage\"},\"thumbnailUrl\":\"https:\/\/www.nproxx.com\/app\/uploads\/2022\/05\/who_we_are-scaled.jpg\",\"datePublished\":\"2022-05-31T16:06:51+00:00\",\"dateModified\":\"2022-05-31T16:07:22+00:00\",\"description\":\"D\u00e9couvrez comment une carri\u00e8re chez NPROXX pourrait vous permettre de contribuer \u00e0 changer le monde des transports propres gr\u00e2ce \u00e0 une technologie innovante de stockage de l\u2019hydrog\u00e8ne.\",\"breadcrumb\":{\"@id\":\"https:\/\/www.nproxx.com\/fr\/carrieres\/travailler-chez-nproxx\/#breadcrumb\"},\"inLanguage\":\"fr-FR\",\"potentialAction\":[{\"@type\":\"ReadAction\",\"target\":[\"https:\/\/www.nproxx.com\/fr\/carrieres\/travailler-chez-nproxx\/\"]}]},{\"@type\":\"ImageObject\",\"inLanguage\":\"fr-FR\",\"@id\":\"https:\/\/www.nproxx.com\/fr\/carrieres\/travailler-chez-nproxx\/#primaryimage\",\"url\":\"https:\/\/www.nproxx.com\/app\/uploads\/2022\/05\/who_we_are-scaled.jpg\",\"contentUrl\":\"https:\/\/www.nproxx.com\/app\/uploads\/2022\/05\/who_we_are-scaled.jpg\",\"width\":2560,\"height\":843},{\"@type\":\"BreadcrumbList\",\"@id\":\"https:\/\/www.nproxx.com\/fr\/carrieres\/travailler-chez-nproxx\/#breadcrumb\",\"itemListElement\":[{\"@type\":\"ListItem\",\"position\":1,\"name\":\"Carri\u00e8res chez NPROXX\",\"item\":\"https:\/\/www.nproxx.com\/fr\/carrieres\/\"},{\"@type\":\"ListItem\",\"position\":2,\"name\":\"Travailler chez NPROXX\"}]},{\"@type\":\"WebSite\",\"@id\":\"https:\/\/www.nproxx.com\/fr\/#website\",\"url\":\"https:\/\/www.nproxx.com\/fr\/\",\"name\":\"NPROXX\",\"description\":\"Hydrogen Storage and Transport\",\"publisher\":{\"@id\":\"https:\/\/www.nproxx.com\/fr\/#organization\"},\"potentialAction\":[{\"@type\":\"SearchAction\",\"target\":{\"@type\":\"EntryPoint\",\"urlTemplate\":\"https:\/\/www.nproxx.com\/fr\/?s={search_term_string}\"},\"query-input\":{\"@type\":\"PropertyValueSpecification\",\"valueRequired\":true,\"valueName\":\"search_term_string\"}}],\"inLanguage\":\"fr-FR\"},{\"@type\":\"Organization\",\"@id\":\"https:\/\/www.nproxx.com\/fr\/#organization\",\"name\":\"NPROXX\",\"url\":\"https:\/\/www.nproxx.com\/fr\/\",\"logo\":{\"@type\":\"ImageObject\",\"inLanguage\":\"fr-FR\",\"@id\":\"https:\/\/www.nproxx.com\/fr\/#\/schema\/logo\/image\/\",\"url\":\"https:\/\/www.nproxx.com\/app\/uploads\/2018\/09\/nproxx_logo.svg\",\"contentUrl\":\"https:\/\/www.nproxx.com\/app\/uploads\/2018\/09\/nproxx_logo.svg\",\"caption\":\"NPROXX\"},\"image\":{\"@id\":\"https:\/\/www.nproxx.com\/fr\/#\/schema\/logo\/image\/\"}}]}<\/script>\n<!-- \/ Yoast SEO plugin. -->","yoast_head_json":{"title":"Travailler avec nous - NPROXX","description":"D\u00e9couvrez comment une carri\u00e8re chez NPROXX pourrait vous permettre de contribuer \u00e0 changer le monde des transports propres gr\u00e2ce \u00e0 une technologie innovante de stockage de l\u2019hydrog\u00e8ne.","robots":{"index":"index","follow":"follow","max-snippet":"max-snippet:-1","max-image-preview":"max-image-preview:large","max-video-preview":"max-video-preview:-1"},"canonical":"https:\/\/www.nproxx.com\/fr\/carrieres\/travailler-chez-nproxx\/","og_locale":"fr_FR","og_type":"article","og_title":"Travailler avec nous - NPROXX","og_description":"D\u00e9couvrez comment une carri\u00e8re chez NPROXX pourrait vous permettre de contribuer \u00e0 changer le monde des transports propres gr\u00e2ce \u00e0 une technologie innovante de stockage de l\u2019hydrog\u00e8ne.","og_url":"https:\/\/www.nproxx.com\/fr\/carrieres\/travailler-chez-nproxx\/","og_site_name":"NPROXX","article_modified_time":"2022-05-31T16:07:22+00:00","og_image":[{"width":2560,"height":843,"url":"https:\/\/www.nproxx.com\/app\/uploads\/2022\/05\/who_we_are-scaled.jpg","type":"image\/jpeg"}],"twitter_card":"summary_large_image","twitter_misc":{"Est. reading time":"3 minute"},"schema":{"@context":"https:\/\/schema.org","@graph":[{"@type":"WebPage","@id":"https:\/\/www.nproxx.com\/fr\/carrieres\/travailler-chez-nproxx\/","url":"https:\/\/www.nproxx.com\/fr\/carrieres\/travailler-chez-nproxx\/","name":"Travailler avec nous - NPROXX","isPartOf":{"@id":"https:\/\/www.nproxx.com\/fr\/#website"},"primaryImageOfPage":{"@id":"https:\/\/www.nproxx.com\/fr\/carrieres\/travailler-chez-nproxx\/#primaryimage"},"image":{"@id":"https:\/\/www.nproxx.com\/fr\/carrieres\/travailler-chez-nproxx\/#primaryimage"},"thumbnailUrl":"https:\/\/www.nproxx.com\/app\/uploads\/2022\/05\/who_we_are-scaled.jpg","datePublished":"2022-05-31T16:06:51+00:00","dateModified":"2022-05-31T16:07:22+00:00","description":"D\u00e9couvrez comment une carri\u00e8re chez NPROXX pourrait vous permettre de contribuer \u00e0 changer le monde des transports propres gr\u00e2ce \u00e0 une technologie innovante de stockage de l\u2019hydrog\u00e8ne.","breadcrumb":{"@id":"https:\/\/www.nproxx.com\/fr\/carrieres\/travailler-chez-nproxx\/#breadcrumb"},"inLanguage":"fr-FR","potentialAction":[{"@type":"ReadAction","target":["https:\/\/www.nproxx.com\/fr\/carrieres\/travailler-chez-nproxx\/"]}]},{"@type":"ImageObject","inLanguage":"fr-FR","@id":"https:\/\/www.nproxx.com\/fr\/carrieres\/travailler-chez-nproxx\/#primaryimage","url":"https:\/\/www.nproxx.com\/app\/uploads\/2022\/05\/who_we_are-scaled.jpg","contentUrl":"https:\/\/www.nproxx.com\/app\/uploads\/2022\/05\/who_we_are-scaled.jpg","width":2560,"height":843},{"@type":"BreadcrumbList","@id":"https:\/\/www.nproxx.com\/fr\/carrieres\/travailler-chez-nproxx\/#breadcrumb","itemListElement":[{"@type":"ListItem","position":1,"name":"Carri\u00e8res chez NPROXX","item":"https:\/\/www.nproxx.com\/fr\/carrieres\/"},{"@type":"ListItem","position":2,"name":"Travailler chez NPROXX"}]},{"@type":"WebSite","@id":"https:\/\/www.nproxx.com\/fr\/#website","url":"https:\/\/www.nproxx.com\/fr\/","name":"NPROXX","description":"Hydrogen Storage and Transport","publisher":{"@id":"https:\/\/www.nproxx.com\/fr\/#organization"},"potentialAction":[{"@type":"SearchAction","target":{"@type":"EntryPoint","urlTemplate":"https:\/\/www.nproxx.com\/fr\/?s={search_term_string}"},"query-input":{"@type":"PropertyValueSpecification","valueRequired":true,"valueName":"search_term_string"}}],"inLanguage":"fr-FR"},{"@type":"Organization","@id":"https:\/\/www.nproxx.com\/fr\/#organization","name":"NPROXX","url":"https:\/\/www.nproxx.com\/fr\/","logo":{"@type":"ImageObject","inLanguage":"fr-FR","@id":"https:\/\/www.nproxx.com\/fr\/#\/schema\/logo\/image\/","url":"https:\/\/www.nproxx.com\/app\/uploads\/2018\/09\/nproxx_logo.svg","contentUrl":"https:\/\/www.nproxx.com\/app\/uploads\/2018\/09\/nproxx_logo.svg","caption":"NPROXX"},"image":{"@id":"https:\/\/www.nproxx.com\/fr\/#\/schema\/logo\/image\/"}}]}},"_links":{"self":[{"href":"https:\/\/www.nproxx.com\/fr\/wp-json\/wp\/v2\/pages\/5717","targetHints":{"allow":["GET"]}}],"collection":[{"href":"https:\/\/www.nproxx.com\/fr\/wp-json\/wp\/v2\/pages"}],"about":[{"href":"https:\/\/www.nproxx.com\/fr\/wp-json\/wp\/v2\/types\/page"}],"author":[{"embeddable":true,"href":"https:\/\/www.nproxx.com\/fr\/wp-json\/wp\/v2\/users\/7"}],"replies":[{"embeddable":true,"href":"https:\/\/www.nproxx.com\/fr\/wp-json\/wp\/v2\/comments?post=5717"}],"version-history":[{"count":1,"href":"https:\/\/www.nproxx.com\/fr\/wp-json\/wp\/v2\/pages\/5717\/revisions"}],"predecessor-version":[{"id":5718,"href":"https:\/\/www.nproxx.com\/fr\/wp-json\/wp\/v2\/pages\/5717\/revisions\/5718"}],"up":[{"embeddable":true,"href":"https:\/\/www.nproxx.com\/fr\/wp-json\/wp\/v2\/pages\/5708"}],"wp:featuredmedia":[{"embeddable":true,"href":"https:\/\/www.nproxx.com\/fr\/wp-json\/wp\/v2\/media\/5366"}],"wp:attachment":[{"href":"https:\/\/www.nproxx.com\/fr\/wp-json\/wp\/v2\/media?parent=5717"}],"curies":[{"name":"wp","href":"https:\/\/api.w.org\/{rel}","templated":true}]}}