{"id":587,"date":"2018-05-11T11:37:07","date_gmt":"2018-05-11T10:37:07","guid":{"rendered":"https:\/\/nproxx.com\/about-nproxx\/company-heritage\/"},"modified":"2023-08-15T10:53:00","modified_gmt":"2023-08-15T09:53:00","slug":"histoire-de-l-entreprise","status":"publish","type":"page","link":"https:\/\/www.nproxx.com\/fr\/a-propos-de\/histoire-de-l-entreprise\/","title":{"rendered":"Histoire de l&apos;entreprise"},"content":{"rendered":"<p>Reposant sur plusieurs d\u00e9cennies d&rsquo;exp\u00e9rience dans la r\u00e9alisation de produits en polym\u00e8re renforc\u00e9 de fibres de carbone (CFRP), notre expertise englobe des comp\u00e9tences telles que l&rsquo;\u00e9tude technique, la conception et la fabrication en s\u00e9rie. Nous pouvons \u00e9galement fournir des r\u00e9servoirs sous pression de type 3 pour les march\u00e9s sur lesquels le type 4 ne peut pas encore \u00eatre employ\u00e9.<\/p>\n<p><strong>Nos clients<\/strong><\/p>\n<p>NPROXX fournit des produits et des services pour un vaste \u00e9ventail de secteurs, parmi lesquels\u00a0:<\/p>\n<ul>\n<li>l&rsquo;automobile<\/li>\n<li>le rail<\/li>\n<li>les infrastructures et le transport du H<sub>2<\/sub><\/li>\n<li>l&rsquo;\u00e9nergie.<\/li>\n<\/ul>\n<p>Nous proposons aux clients NPROXX des connaissances avanc\u00e9es sur les mat\u00e9riaux, une expertise scientifique, des comp\u00e9tences en mati\u00e8re de conception et de gestion de projets, ainsi qu&rsquo;une approche proactive en termes de conception, d\u00e9veloppement, perfectionnement et fabrication de r\u00e9servoirs sous pression pour le stockage de l&rsquo;hydrog\u00e8ne dans des applications fixes et mobiles. Nos processus-cl\u00e9s ont re\u00e7u \u00e0 maintes reprises des certifications internationales.<\/p>\n<p>&nbsp;<\/p>\n<p>&nbsp;<\/p>\n","protected":false},"excerpt":{"rendered":"<p>NPROXX a une longue tradition dans la cr\u00e9ation de r\u00e9servoirs de stockage de l&rsquo;hydrog\u00e8ne sous pression. En 2001, nos ing\u00e9nieurs ont mis au point le premier r\u00e9servoir sous pression de 300 bar certifi\u00e9 de type 4.<\/p>\n","protected":false},"author":1,"featured_media":385,"parent":584,"menu_order":0,"comment_status":"closed","ping_status":"closed","template":"","meta":{"_acf_changed":false,"footnotes":""},"class_list":["post-587","page","type-page","status-publish","has-post-thumbnail","hentry"],"acf":[],"yoast_head":"<!-- This site is optimized with the Yoast SEO plugin v24.3 - https:\/\/yoast.com\/wordpress\/plugins\/seo\/ -->\n<title>Histoire de l&amp;apos;entreprise - NPROXX<\/title>\n<meta name=\"description\" content=\"Reposant sur plusieurs d\u00e9cennies d&#039;exp\u00e9rience dans la r\u00e9alisation de produits en polym\u00e8re renforc\u00e9 de fibres de carbone (CFRP), notre expertise englobe des comp\u00e9tences telles que l&#039;\u00e9tude technique, la conception et la fabrication en s\u00e9rie.\" \/>\n<meta name=\"robots\" content=\"index, follow, max-snippet:-1, max-image-preview:large, max-video-preview:-1\" \/>\n<link rel=\"canonical\" href=\"https:\/\/www.nproxx.com\/fr\/a-propos-de\/histoire-de-l-entreprise\/\" \/>\n<meta property=\"og:locale\" content=\"fr_FR\" \/>\n<meta property=\"og:type\" content=\"article\" \/>\n<meta property=\"og:title\" content=\"Histoire de l&amp;apos;entreprise - NPROXX\" \/>\n<meta property=\"og:description\" content=\"Reposant sur plusieurs d\u00e9cennies d&#039;exp\u00e9rience dans la r\u00e9alisation de produits en polym\u00e8re renforc\u00e9 de fibres de carbone (CFRP), notre expertise englobe des comp\u00e9tences telles que l&#039;\u00e9tude technique, la conception et la fabrication en s\u00e9rie.\" \/>\n<meta property=\"og:url\" content=\"https:\/\/www.nproxx.com\/fr\/a-propos-de\/histoire-de-l-entreprise\/\" \/>\n<meta property=\"og:site_name\" content=\"NPROXX\" \/>\n<meta property=\"article:modified_time\" content=\"2023-08-15T09:53:00+00:00\" \/>\n<meta property=\"og:image\" content=\"https:\/\/www.nproxx.com\/app\/uploads\/2018\/09\/banner_rd.jpg\" \/>\n\t<meta property=\"og:image:width\" content=\"2732\" \/>\n\t<meta property=\"og:image:height\" content=\"900\" \/>\n\t<meta property=\"og:image:type\" content=\"image\/jpeg\" \/>\n<meta name=\"twitter:card\" content=\"summary_large_image\" \/>\n<meta name=\"twitter:label1\" content=\"Est. reading time\" \/>\n\t<meta name=\"twitter:data1\" content=\"1 minute\" \/>\n<script type=\"application\/ld+json\" class=\"yoast-schema-graph\">{\"@context\":\"https:\/\/schema.org\",\"@graph\":[{\"@type\":\"WebPage\",\"@id\":\"https:\/\/www.nproxx.com\/fr\/a-propos-de\/histoire-de-l-entreprise\/\",\"url\":\"https:\/\/www.nproxx.com\/fr\/a-propos-de\/histoire-de-l-entreprise\/\",\"name\":\"Histoire de l&apos;entreprise - NPROXX\",\"isPartOf\":{\"@id\":\"https:\/\/www.nproxx.com\/fr\/#website\"},\"primaryImageOfPage\":{\"@id\":\"https:\/\/www.nproxx.com\/fr\/a-propos-de\/histoire-de-l-entreprise\/#primaryimage\"},\"image\":{\"@id\":\"https:\/\/www.nproxx.com\/fr\/a-propos-de\/histoire-de-l-entreprise\/#primaryimage\"},\"thumbnailUrl\":\"https:\/\/www.nproxx.com\/app\/uploads\/2018\/09\/banner_rd.jpg\",\"datePublished\":\"2018-05-11T10:37:07+00:00\",\"dateModified\":\"2023-08-15T09:53:00+00:00\",\"description\":\"Reposant sur plusieurs d\u00e9cennies d'exp\u00e9rience dans la r\u00e9alisation de produits en polym\u00e8re renforc\u00e9 de fibres de carbone (CFRP), notre expertise englobe des comp\u00e9tences telles que l'\u00e9tude technique, la conception et la fabrication en s\u00e9rie.\",\"breadcrumb\":{\"@id\":\"https:\/\/www.nproxx.com\/fr\/a-propos-de\/histoire-de-l-entreprise\/#breadcrumb\"},\"inLanguage\":\"fr-FR\",\"potentialAction\":[{\"@type\":\"ReadAction\",\"target\":[\"https:\/\/www.nproxx.com\/fr\/a-propos-de\/histoire-de-l-entreprise\/\"]}]},{\"@type\":\"ImageObject\",\"inLanguage\":\"fr-FR\",\"@id\":\"https:\/\/www.nproxx.com\/fr\/a-propos-de\/histoire-de-l-entreprise\/#primaryimage\",\"url\":\"https:\/\/www.nproxx.com\/app\/uploads\/2018\/09\/banner_rd.jpg\",\"contentUrl\":\"https:\/\/www.nproxx.com\/app\/uploads\/2018\/09\/banner_rd.jpg\",\"width\":2732,\"height\":900,\"caption\":\"R&D solutions for hydrogen storage\"},{\"@type\":\"BreadcrumbList\",\"@id\":\"https:\/\/www.nproxx.com\/fr\/a-propos-de\/histoire-de-l-entreprise\/#breadcrumb\",\"itemListElement\":[{\"@type\":\"ListItem\",\"position\":1,\"name\":\"&Agrave; propos de NPROXX\",\"item\":\"https:\/\/www.nproxx.com\/fr\/a-propos-de\/\"},{\"@type\":\"ListItem\",\"position\":2,\"name\":\"Histoire de l&apos;entreprise\"}]},{\"@type\":\"WebSite\",\"@id\":\"https:\/\/www.nproxx.com\/fr\/#website\",\"url\":\"https:\/\/www.nproxx.com\/fr\/\",\"name\":\"NPROXX\",\"description\":\"Hydrogen Storage and Transport\",\"publisher\":{\"@id\":\"https:\/\/www.nproxx.com\/fr\/#organization\"},\"potentialAction\":[{\"@type\":\"SearchAction\",\"target\":{\"@type\":\"EntryPoint\",\"urlTemplate\":\"https:\/\/www.nproxx.com\/fr\/?s={search_term_string}\"},\"query-input\":{\"@type\":\"PropertyValueSpecification\",\"valueRequired\":true,\"valueName\":\"search_term_string\"}}],\"inLanguage\":\"fr-FR\"},{\"@type\":\"Organization\",\"@id\":\"https:\/\/www.nproxx.com\/fr\/#organization\",\"name\":\"NPROXX\",\"url\":\"https:\/\/www.nproxx.com\/fr\/\",\"logo\":{\"@type\":\"ImageObject\",\"inLanguage\":\"fr-FR\",\"@id\":\"https:\/\/www.nproxx.com\/fr\/#\/schema\/logo\/image\/\",\"url\":\"https:\/\/www.nproxx.com\/app\/uploads\/2018\/09\/nproxx_logo.svg\",\"contentUrl\":\"https:\/\/www.nproxx.com\/app\/uploads\/2018\/09\/nproxx_logo.svg\",\"caption\":\"NPROXX\"},\"image\":{\"@id\":\"https:\/\/www.nproxx.com\/fr\/#\/schema\/logo\/image\/\"}}]}<\/script>\n<!-- \/ Yoast SEO plugin. -->","yoast_head_json":{"title":"Histoire de l&apos;entreprise - NPROXX","description":"Reposant sur plusieurs d\u00e9cennies d'exp\u00e9rience dans la r\u00e9alisation de produits en polym\u00e8re renforc\u00e9 de fibres de carbone (CFRP), notre expertise englobe des comp\u00e9tences telles que l'\u00e9tude technique, la conception et la fabrication en s\u00e9rie.","robots":{"index":"index","follow":"follow","max-snippet":"max-snippet:-1","max-image-preview":"max-image-preview:large","max-video-preview":"max-video-preview:-1"},"canonical":"https:\/\/www.nproxx.com\/fr\/a-propos-de\/histoire-de-l-entreprise\/","og_locale":"fr_FR","og_type":"article","og_title":"Histoire de l&apos;entreprise - NPROXX","og_description":"Reposant sur plusieurs d\u00e9cennies d'exp\u00e9rience dans la r\u00e9alisation de produits en polym\u00e8re renforc\u00e9 de fibres de carbone (CFRP), notre expertise englobe des comp\u00e9tences telles que l'\u00e9tude technique, la conception et la fabrication en s\u00e9rie.","og_url":"https:\/\/www.nproxx.com\/fr\/a-propos-de\/histoire-de-l-entreprise\/","og_site_name":"NPROXX","article_modified_time":"2023-08-15T09:53:00+00:00","og_image":[{"width":2732,"height":900,"url":"https:\/\/www.nproxx.com\/app\/uploads\/2018\/09\/banner_rd.jpg","type":"image\/jpeg"}],"twitter_card":"summary_large_image","twitter_misc":{"Est. reading time":"1 minute"},"schema":{"@context":"https:\/\/schema.org","@graph":[{"@type":"WebPage","@id":"https:\/\/www.nproxx.com\/fr\/a-propos-de\/histoire-de-l-entreprise\/","url":"https:\/\/www.nproxx.com\/fr\/a-propos-de\/histoire-de-l-entreprise\/","name":"Histoire de l&apos;entreprise - NPROXX","isPartOf":{"@id":"https:\/\/www.nproxx.com\/fr\/#website"},"primaryImageOfPage":{"@id":"https:\/\/www.nproxx.com\/fr\/a-propos-de\/histoire-de-l-entreprise\/#primaryimage"},"image":{"@id":"https:\/\/www.nproxx.com\/fr\/a-propos-de\/histoire-de-l-entreprise\/#primaryimage"},"thumbnailUrl":"https:\/\/www.nproxx.com\/app\/uploads\/2018\/09\/banner_rd.jpg","datePublished":"2018-05-11T10:37:07+00:00","dateModified":"2023-08-15T09:53:00+00:00","description":"Reposant sur plusieurs d\u00e9cennies d'exp\u00e9rience dans la r\u00e9alisation de produits en polym\u00e8re renforc\u00e9 de fibres de carbone (CFRP), notre expertise englobe des comp\u00e9tences telles que l'\u00e9tude technique, la conception et la fabrication en s\u00e9rie.","breadcrumb":{"@id":"https:\/\/www.nproxx.com\/fr\/a-propos-de\/histoire-de-l-entreprise\/#breadcrumb"},"inLanguage":"fr-FR","potentialAction":[{"@type":"ReadAction","target":["https:\/\/www.nproxx.com\/fr\/a-propos-de\/histoire-de-l-entreprise\/"]}]},{"@type":"ImageObject","inLanguage":"fr-FR","@id":"https:\/\/www.nproxx.com\/fr\/a-propos-de\/histoire-de-l-entreprise\/#primaryimage","url":"https:\/\/www.nproxx.com\/app\/uploads\/2018\/09\/banner_rd.jpg","contentUrl":"https:\/\/www.nproxx.com\/app\/uploads\/2018\/09\/banner_rd.jpg","width":2732,"height":900,"caption":"R&D solutions for hydrogen storage"},{"@type":"BreadcrumbList","@id":"https:\/\/www.nproxx.com\/fr\/a-propos-de\/histoire-de-l-entreprise\/#breadcrumb","itemListElement":[{"@type":"ListItem","position":1,"name":"&Agrave; propos de NPROXX","item":"https:\/\/www.nproxx.com\/fr\/a-propos-de\/"},{"@type":"ListItem","position":2,"name":"Histoire de l&apos;entreprise"}]},{"@type":"WebSite","@id":"https:\/\/www.nproxx.com\/fr\/#website","url":"https:\/\/www.nproxx.com\/fr\/","name":"NPROXX","description":"Hydrogen Storage and Transport","publisher":{"@id":"https:\/\/www.nproxx.com\/fr\/#organization"},"potentialAction":[{"@type":"SearchAction","target":{"@type":"EntryPoint","urlTemplate":"https:\/\/www.nproxx.com\/fr\/?s={search_term_string}"},"query-input":{"@type":"PropertyValueSpecification","valueRequired":true,"valueName":"search_term_string"}}],"inLanguage":"fr-FR"},{"@type":"Organization","@id":"https:\/\/www.nproxx.com\/fr\/#organization","name":"NPROXX","url":"https:\/\/www.nproxx.com\/fr\/","logo":{"@type":"ImageObject","inLanguage":"fr-FR","@id":"https:\/\/www.nproxx.com\/fr\/#\/schema\/logo\/image\/","url":"https:\/\/www.nproxx.com\/app\/uploads\/2018\/09\/nproxx_logo.svg","contentUrl":"https:\/\/www.nproxx.com\/app\/uploads\/2018\/09\/nproxx_logo.svg","caption":"NPROXX"},"image":{"@id":"https:\/\/www.nproxx.com\/fr\/#\/schema\/logo\/image\/"}}]}},"_links":{"self":[{"href":"https:\/\/www.nproxx.com\/fr\/wp-json\/wp\/v2\/pages\/587","targetHints":{"allow":["GET"]}}],"collection":[{"href":"https:\/\/www.nproxx.com\/fr\/wp-json\/wp\/v2\/pages"}],"about":[{"href":"https:\/\/www.nproxx.com\/fr\/wp-json\/wp\/v2\/types\/page"}],"author":[{"embeddable":true,"href":"https:\/\/www.nproxx.com\/fr\/wp-json\/wp\/v2\/users\/1"}],"replies":[{"embeddable":true,"href":"https:\/\/www.nproxx.com\/fr\/wp-json\/wp\/v2\/comments?post=587"}],"version-history":[{"count":3,"href":"https:\/\/www.nproxx.com\/fr\/wp-json\/wp\/v2\/pages\/587\/revisions"}],"predecessor-version":[{"id":8532,"href":"https:\/\/www.nproxx.com\/fr\/wp-json\/wp\/v2\/pages\/587\/revisions\/8532"}],"up":[{"embeddable":true,"href":"https:\/\/www.nproxx.com\/fr\/wp-json\/wp\/v2\/pages\/584"}],"wp:featuredmedia":[{"embeddable":true,"href":"https:\/\/www.nproxx.com\/fr\/wp-json\/wp\/v2\/media\/385"}],"wp:attachment":[{"href":"https:\/\/www.nproxx.com\/fr\/wp-json\/wp\/v2\/media?parent=587"}],"curies":[{"name":"wp","href":"https:\/\/api.w.org\/{rel}","templated":true}]}}