{"id":588,"date":"2018-01-11T11:37:07","date_gmt":"2018-01-11T11:37:07","guid":{"rendered":"https:\/\/nproxx.com\/about-nproxx\/value-ethos\/"},"modified":"2022-11-30T09:37:18","modified_gmt":"2022-11-30T09:37:18","slug":"valeurs-ethique","status":"publish","type":"page","link":"https:\/\/www.nproxx.com\/fr\/carrieres\/valeurs-ethique\/","title":{"rendered":"Notre vision et nos valeurs"},"content":{"rendered":"<p id=\"tw-target-text\" class=\"tw-data-text tw-text-large tw-ta\" dir=\"ltr\" data-placeholder=\"\u00dcbersetzung\"><span class=\"Y2IQFc\" lang=\"fr\">Chef de file en mati\u00e8re d&rsquo;\u00e9nergie propre, NPROXX a \u00e9t\u00e9 fond\u00e9 sur un solide ensemble de convictions fondamentales qui nous poussent \u00e0 faire une diff\u00e9rence positive, m\u00eame au-del\u00e0 de l&rsquo;industrie.<\/span><\/p>\n<h2><strong>Notre vision\u00a0<\/strong><\/h2>\n<p>Un avenir plus propre et plus durable en innovant.<\/p>\n<p><img loading=\"lazy\" decoding=\"async\" class=\"alignnone wp-image-6999 size-full\" src=\"https:\/\/www.nproxx.com\/app\/uploads\/2022\/11\/Nproxx14085.jpg\" alt=\"\" width=\"785\" height=\"315\" srcset=\"https:\/\/www.nproxx.com\/app\/uploads\/2022\/11\/Nproxx14085.jpg 785w, https:\/\/www.nproxx.com\/app\/uploads\/2022\/11\/Nproxx14085-300x120.jpg 300w, https:\/\/www.nproxx.com\/app\/uploads\/2022\/11\/Nproxx14085-768x308.jpg 768w, https:\/\/www.nproxx.com\/app\/uploads\/2022\/11\/Nproxx14085-350x140.jpg 350w, https:\/\/www.nproxx.com\/app\/uploads\/2022\/11\/Nproxx14085-600x241.jpg 600w\" sizes=\"auto, (max-width: 785px) 100vw, 785px\" \/><\/p>\n<h2><strong>Notre mission<\/strong><\/h2>\n<p>Innover, d\u00e9velopper et fabriquer avec succ\u00e8s les meilleures solutions de stockage d&rsquo;hydrog\u00e8ne \u00e0 haute pression.<\/p>\n<p><img loading=\"lazy\" decoding=\"async\" class=\"alignnone wp-image-6958 size-full\" src=\"https:\/\/www.nproxx.com\/app\/uploads\/2022\/11\/NProxx-day-214590.jpg\" alt=\"\" width=\"785\" height=\"315\" srcset=\"https:\/\/www.nproxx.com\/app\/uploads\/2022\/11\/NProxx-day-214590.jpg 785w, https:\/\/www.nproxx.com\/app\/uploads\/2022\/11\/NProxx-day-214590-300x120.jpg 300w, https:\/\/www.nproxx.com\/app\/uploads\/2022\/11\/NProxx-day-214590-768x308.jpg 768w, https:\/\/www.nproxx.com\/app\/uploads\/2022\/11\/NProxx-day-214590-350x140.jpg 350w, https:\/\/www.nproxx.com\/app\/uploads\/2022\/11\/NProxx-day-214590-600x241.jpg 600w\" sizes=\"auto, (max-width: 785px) 100vw, 785px\" \/><\/p>\n<h2><strong>Nos valeurs<\/strong><\/h2>\n<p><span class=\"wysiwyg wysiwyg--larger\"><strong>Customer Focus<\/strong><\/span><\/p>\n<p>Chez NPROXX, nous travaillons avec nos clients pour g\u00e9n\u00e9rer croissance et succ\u00e8s, d\u00e9velopper les meilleures technologies s\u00fbres et offrir des solutions sur mesure de haute qualit\u00e9.<\/p>\n<p><img loading=\"lazy\" decoding=\"async\" class=\"alignnone wp-image-6962 size-full\" src=\"https:\/\/www.nproxx.com\/app\/uploads\/2022\/11\/Nproxx14176.jpg\" alt=\"\" width=\"785\" height=\"315\" srcset=\"https:\/\/www.nproxx.com\/app\/uploads\/2022\/11\/Nproxx14176.jpg 785w, https:\/\/www.nproxx.com\/app\/uploads\/2022\/11\/Nproxx14176-300x120.jpg 300w, https:\/\/www.nproxx.com\/app\/uploads\/2022\/11\/Nproxx14176-768x308.jpg 768w, https:\/\/www.nproxx.com\/app\/uploads\/2022\/11\/Nproxx14176-350x140.jpg 350w, https:\/\/www.nproxx.com\/app\/uploads\/2022\/11\/Nproxx14176-600x241.jpg 600w\" sizes=\"auto, (max-width: 785px) 100vw, 785px\" \/><\/p>\n<p><span class=\"wysiwyg wysiwyg--larger\"><strong>Team Excellence<\/strong><\/span><\/p>\n<p>Ici chez NPROXX, nous formons une seule et m\u00eame \u00e9quipe, qui s\u2019efforce de travailler en collaboration pour cr\u00e9er des solutions utiles qui font progresser nos clients.<\/p>\n<p><img loading=\"lazy\" decoding=\"async\" class=\"alignnone wp-image-6966 size-full\" src=\"https:\/\/www.nproxx.com\/app\/uploads\/2022\/11\/NProxx-day-215011.jpg\" alt=\"\" width=\"785\" height=\"315\" srcset=\"https:\/\/www.nproxx.com\/app\/uploads\/2022\/11\/NProxx-day-215011.jpg 785w, https:\/\/www.nproxx.com\/app\/uploads\/2022\/11\/NProxx-day-215011-300x120.jpg 300w, https:\/\/www.nproxx.com\/app\/uploads\/2022\/11\/NProxx-day-215011-768x308.jpg 768w, https:\/\/www.nproxx.com\/app\/uploads\/2022\/11\/NProxx-day-215011-350x140.jpg 350w, https:\/\/www.nproxx.com\/app\/uploads\/2022\/11\/NProxx-day-215011-600x241.jpg 600w\" sizes=\"auto, (max-width: 785px) 100vw, 785px\" \/><\/p>\n<p><span class=\"wysiwyg wysiwyg--larger\"><strong>Innovation<\/strong><\/span><\/p>\n<p>En tant que membre de l\u2019industrie de l\u2019hydrog\u00e8ne, NPROXX s\u2019engage \u00e0 am\u00e9liorer en permanence nos solutions existantes et \u00e0 concevoir de nouvelles g\u00e9n\u00e9rations de technologies.<\/p>\n<p><img loading=\"lazy\" decoding=\"async\" class=\"alignnone wp-image-6970 size-full\" src=\"https:\/\/www.nproxx.com\/app\/uploads\/2022\/11\/DSC5637-1.jpg\" alt=\"\" width=\"785\" height=\"315\" srcset=\"https:\/\/www.nproxx.com\/app\/uploads\/2022\/11\/DSC5637-1.jpg 785w, https:\/\/www.nproxx.com\/app\/uploads\/2022\/11\/DSC5637-1-300x120.jpg 300w, https:\/\/www.nproxx.com\/app\/uploads\/2022\/11\/DSC5637-1-768x308.jpg 768w, https:\/\/www.nproxx.com\/app\/uploads\/2022\/11\/DSC5637-1-350x140.jpg 350w, https:\/\/www.nproxx.com\/app\/uploads\/2022\/11\/DSC5637-1-600x241.jpg 600w\" sizes=\"auto, (max-width: 785px) 100vw, 785px\" \/><\/p>\n<p><span class=\"wysiwyg wysiwyg--larger\"><strong>Integrity<\/strong><\/span><\/p>\n<p>Chez NPROXX, toutes les \u00e9quipes s\u2019engagent \u00e0 agir avec honn\u00eatet\u00e9, \u00e9quit\u00e9, respect et s\u00e9curit\u00e9, ce qui nourrit notre culture d\u2019entreprise fond\u00e9e sur une int\u00e9grit\u00e9 sans faille.<\/p>\n<p><img loading=\"lazy\" decoding=\"async\" class=\"alignnone wp-image-6974 size-full\" src=\"https:\/\/www.nproxx.com\/app\/uploads\/2022\/11\/Nproxx14320.jpg\" alt=\"\" width=\"785\" height=\"315\" srcset=\"https:\/\/www.nproxx.com\/app\/uploads\/2022\/11\/Nproxx14320.jpg 785w, https:\/\/www.nproxx.com\/app\/uploads\/2022\/11\/Nproxx14320-300x120.jpg 300w, https:\/\/www.nproxx.com\/app\/uploads\/2022\/11\/Nproxx14320-768x308.jpg 768w, https:\/\/www.nproxx.com\/app\/uploads\/2022\/11\/Nproxx14320-350x140.jpg 350w, https:\/\/www.nproxx.com\/app\/uploads\/2022\/11\/Nproxx14320-600x241.jpg 600w\" sizes=\"auto, (max-width: 785px) 100vw, 785px\" \/><\/p>\n<p><span class=\"wysiwyg wysiwyg--larger\"><strong>Sustainability<\/strong><\/span><\/p>\n<p>NPROXX s\u2019efforce continuellement de produire un bon impact social, une empreinte environnementale minimale et des r\u00e9sultats \u00e9conomiques optimaux dans tous les domaines.<\/p>\n<p><img loading=\"lazy\" decoding=\"async\" class=\"alignnone size-full wp-image-5412\" src=\"https:\/\/nproxx.com\/app\/uploads\/2022\/05\/values_sustainability@2x.jpg\" alt=\"\" width=\"1276\" height=\"420\" srcset=\"https:\/\/www.nproxx.com\/app\/uploads\/2022\/05\/values_sustainability@2x.jpg 1276w, https:\/\/www.nproxx.com\/app\/uploads\/2022\/05\/values_sustainability@2x-300x99.jpg 300w, https:\/\/www.nproxx.com\/app\/uploads\/2022\/05\/values_sustainability@2x-1024x337.jpg 1024w, https:\/\/www.nproxx.com\/app\/uploads\/2022\/05\/values_sustainability@2x-768x253.jpg 768w, https:\/\/www.nproxx.com\/app\/uploads\/2022\/05\/values_sustainability@2x-350x115.jpg 350w, https:\/\/www.nproxx.com\/app\/uploads\/2022\/05\/values_sustainability@2x-600x197.jpg 600w, https:\/\/www.nproxx.com\/app\/uploads\/2022\/05\/values_sustainability@2x-800x263.jpg 800w, https:\/\/www.nproxx.com\/app\/uploads\/2022\/05\/values_sustainability@2x-1200x395.jpg 1200w\" sizes=\"auto, (max-width: 1276px) 100vw, 1276px\" \/><\/p>\n<hr \/>\n<p><a href=\"https:\/\/www.nproxx.com\/nous-contacter\/\">Contactez-nous<\/a> aujourd\u2019hui pour d\u00e9couvrir comment nous pouvons vous aider pour votre application de stockage de l\u2019hydrog\u00e8ne.<\/p>\n<hr \/>\n<p>&nbsp;<\/p>\n","protected":false},"excerpt":{"rendered":"<p>D\u00e9couvrez comment NPROXX ouvre la voie dans le monde en \u00e9volution rapide du transport propre gr\u00e2ce \u00e0 notre technologie innovante de stockage d&rsquo;hydrog\u00e8ne.<\/p>\n","protected":false},"author":1,"featured_media":5422,"parent":5708,"menu_order":3,"comment_status":"closed","ping_status":"closed","template":"","meta":{"_acf_changed":false,"footnotes":""},"class_list":["post-588","page","type-page","status-publish","has-post-thumbnail","hentry"],"acf":[],"yoast_head":"<!-- This site is optimized with the Yoast SEO plugin v24.3 - https:\/\/yoast.com\/wordpress\/plugins\/seo\/ -->\n<title>Notre vision et nos valeurs - NPROXX<\/title>\n<meta name=\"description\" content=\"Chez NPROXX, toutes nos activit\u00e9s sont fond\u00e9es et guid\u00e9es par les valeurs fondamentales de notre entreprise.\" \/>\n<meta name=\"robots\" content=\"index, follow, max-snippet:-1, max-image-preview:large, max-video-preview:-1\" \/>\n<link rel=\"canonical\" href=\"https:\/\/www.nproxx.com\/fr\/carrieres\/valeurs-ethique\/\" \/>\n<meta property=\"og:locale\" content=\"fr_FR\" \/>\n<meta property=\"og:type\" content=\"article\" \/>\n<meta property=\"og:title\" content=\"Notre vision et nos valeurs - NPROXX\" \/>\n<meta property=\"og:description\" content=\"Chez NPROXX, toutes nos activit\u00e9s sont fond\u00e9es et guid\u00e9es par les valeurs fondamentales de notre entreprise.\" \/>\n<meta property=\"og:url\" content=\"https:\/\/www.nproxx.com\/fr\/carrieres\/valeurs-ethique\/\" \/>\n<meta property=\"og:site_name\" content=\"NPROXX\" \/>\n<meta property=\"article:modified_time\" content=\"2022-11-30T09:37:18+00:00\" \/>\n<meta property=\"og:image\" content=\"https:\/\/www.nproxx.com\/app\/uploads\/2022\/05\/our_vision_and_mission-1-scaled.jpg\" \/>\n\t<meta property=\"og:image:width\" content=\"2560\" \/>\n\t<meta property=\"og:image:height\" content=\"843\" \/>\n\t<meta property=\"og:image:type\" content=\"image\/jpeg\" \/>\n<meta name=\"twitter:card\" content=\"summary_large_image\" \/>\n<meta name=\"twitter:label1\" content=\"Est. reading time\" \/>\n\t<meta name=\"twitter:data1\" content=\"3 minute\" \/>\n<script type=\"application\/ld+json\" class=\"yoast-schema-graph\">{\"@context\":\"https:\/\/schema.org\",\"@graph\":[{\"@type\":\"WebPage\",\"@id\":\"https:\/\/www.nproxx.com\/fr\/carrieres\/valeurs-ethique\/\",\"url\":\"https:\/\/www.nproxx.com\/fr\/carrieres\/valeurs-ethique\/\",\"name\":\"Notre vision et nos valeurs - NPROXX\",\"isPartOf\":{\"@id\":\"https:\/\/www.nproxx.com\/fr\/#website\"},\"primaryImageOfPage\":{\"@id\":\"https:\/\/www.nproxx.com\/fr\/carrieres\/valeurs-ethique\/#primaryimage\"},\"image\":{\"@id\":\"https:\/\/www.nproxx.com\/fr\/carrieres\/valeurs-ethique\/#primaryimage\"},\"thumbnailUrl\":\"https:\/\/www.nproxx.com\/app\/uploads\/2022\/05\/our_vision_and_mission-1-scaled.jpg\",\"datePublished\":\"2018-01-11T11:37:07+00:00\",\"dateModified\":\"2022-11-30T09:37:18+00:00\",\"description\":\"Chez NPROXX, toutes nos activit\u00e9s sont fond\u00e9es et guid\u00e9es par les valeurs fondamentales de notre entreprise.\",\"breadcrumb\":{\"@id\":\"https:\/\/www.nproxx.com\/fr\/carrieres\/valeurs-ethique\/#breadcrumb\"},\"inLanguage\":\"fr-FR\",\"potentialAction\":[{\"@type\":\"ReadAction\",\"target\":[\"https:\/\/www.nproxx.com\/fr\/carrieres\/valeurs-ethique\/\"]}]},{\"@type\":\"ImageObject\",\"inLanguage\":\"fr-FR\",\"@id\":\"https:\/\/www.nproxx.com\/fr\/carrieres\/valeurs-ethique\/#primaryimage\",\"url\":\"https:\/\/www.nproxx.com\/app\/uploads\/2022\/05\/our_vision_and_mission-1-scaled.jpg\",\"contentUrl\":\"https:\/\/www.nproxx.com\/app\/uploads\/2022\/05\/our_vision_and_mission-1-scaled.jpg\",\"width\":2560,\"height\":843},{\"@type\":\"BreadcrumbList\",\"@id\":\"https:\/\/www.nproxx.com\/fr\/carrieres\/valeurs-ethique\/#breadcrumb\",\"itemListElement\":[{\"@type\":\"ListItem\",\"position\":1,\"name\":\"Carri\u00e8res chez NPROXX\",\"item\":\"https:\/\/www.nproxx.com\/fr\/carrieres\/\"},{\"@type\":\"ListItem\",\"position\":2,\"name\":\"Notre vision et nos valeurs\"}]},{\"@type\":\"WebSite\",\"@id\":\"https:\/\/www.nproxx.com\/fr\/#website\",\"url\":\"https:\/\/www.nproxx.com\/fr\/\",\"name\":\"NPROXX\",\"description\":\"Hydrogen Storage and Transport\",\"publisher\":{\"@id\":\"https:\/\/www.nproxx.com\/fr\/#organization\"},\"potentialAction\":[{\"@type\":\"SearchAction\",\"target\":{\"@type\":\"EntryPoint\",\"urlTemplate\":\"https:\/\/www.nproxx.com\/fr\/?s={search_term_string}\"},\"query-input\":{\"@type\":\"PropertyValueSpecification\",\"valueRequired\":true,\"valueName\":\"search_term_string\"}}],\"inLanguage\":\"fr-FR\"},{\"@type\":\"Organization\",\"@id\":\"https:\/\/www.nproxx.com\/fr\/#organization\",\"name\":\"NPROXX\",\"url\":\"https:\/\/www.nproxx.com\/fr\/\",\"logo\":{\"@type\":\"ImageObject\",\"inLanguage\":\"fr-FR\",\"@id\":\"https:\/\/www.nproxx.com\/fr\/#\/schema\/logo\/image\/\",\"url\":\"https:\/\/www.nproxx.com\/app\/uploads\/2018\/09\/nproxx_logo.svg\",\"contentUrl\":\"https:\/\/www.nproxx.com\/app\/uploads\/2018\/09\/nproxx_logo.svg\",\"caption\":\"NPROXX\"},\"image\":{\"@id\":\"https:\/\/www.nproxx.com\/fr\/#\/schema\/logo\/image\/\"}}]}<\/script>\n<!-- \/ Yoast SEO plugin. -->","yoast_head_json":{"title":"Notre vision et nos valeurs - NPROXX","description":"Chez NPROXX, toutes nos activit\u00e9s sont fond\u00e9es et guid\u00e9es par les valeurs fondamentales de notre entreprise.","robots":{"index":"index","follow":"follow","max-snippet":"max-snippet:-1","max-image-preview":"max-image-preview:large","max-video-preview":"max-video-preview:-1"},"canonical":"https:\/\/www.nproxx.com\/fr\/carrieres\/valeurs-ethique\/","og_locale":"fr_FR","og_type":"article","og_title":"Notre vision et nos valeurs - NPROXX","og_description":"Chez NPROXX, toutes nos activit\u00e9s sont fond\u00e9es et guid\u00e9es par les valeurs fondamentales de notre entreprise.","og_url":"https:\/\/www.nproxx.com\/fr\/carrieres\/valeurs-ethique\/","og_site_name":"NPROXX","article_modified_time":"2022-11-30T09:37:18+00:00","og_image":[{"width":2560,"height":843,"url":"https:\/\/www.nproxx.com\/app\/uploads\/2022\/05\/our_vision_and_mission-1-scaled.jpg","type":"image\/jpeg"}],"twitter_card":"summary_large_image","twitter_misc":{"Est. reading time":"3 minute"},"schema":{"@context":"https:\/\/schema.org","@graph":[{"@type":"WebPage","@id":"https:\/\/www.nproxx.com\/fr\/carrieres\/valeurs-ethique\/","url":"https:\/\/www.nproxx.com\/fr\/carrieres\/valeurs-ethique\/","name":"Notre vision et nos valeurs - NPROXX","isPartOf":{"@id":"https:\/\/www.nproxx.com\/fr\/#website"},"primaryImageOfPage":{"@id":"https:\/\/www.nproxx.com\/fr\/carrieres\/valeurs-ethique\/#primaryimage"},"image":{"@id":"https:\/\/www.nproxx.com\/fr\/carrieres\/valeurs-ethique\/#primaryimage"},"thumbnailUrl":"https:\/\/www.nproxx.com\/app\/uploads\/2022\/05\/our_vision_and_mission-1-scaled.jpg","datePublished":"2018-01-11T11:37:07+00:00","dateModified":"2022-11-30T09:37:18+00:00","description":"Chez NPROXX, toutes nos activit\u00e9s sont fond\u00e9es et guid\u00e9es par les valeurs fondamentales de notre entreprise.","breadcrumb":{"@id":"https:\/\/www.nproxx.com\/fr\/carrieres\/valeurs-ethique\/#breadcrumb"},"inLanguage":"fr-FR","potentialAction":[{"@type":"ReadAction","target":["https:\/\/www.nproxx.com\/fr\/carrieres\/valeurs-ethique\/"]}]},{"@type":"ImageObject","inLanguage":"fr-FR","@id":"https:\/\/www.nproxx.com\/fr\/carrieres\/valeurs-ethique\/#primaryimage","url":"https:\/\/www.nproxx.com\/app\/uploads\/2022\/05\/our_vision_and_mission-1-scaled.jpg","contentUrl":"https:\/\/www.nproxx.com\/app\/uploads\/2022\/05\/our_vision_and_mission-1-scaled.jpg","width":2560,"height":843},{"@type":"BreadcrumbList","@id":"https:\/\/www.nproxx.com\/fr\/carrieres\/valeurs-ethique\/#breadcrumb","itemListElement":[{"@type":"ListItem","position":1,"name":"Carri\u00e8res chez NPROXX","item":"https:\/\/www.nproxx.com\/fr\/carrieres\/"},{"@type":"ListItem","position":2,"name":"Notre vision et nos valeurs"}]},{"@type":"WebSite","@id":"https:\/\/www.nproxx.com\/fr\/#website","url":"https:\/\/www.nproxx.com\/fr\/","name":"NPROXX","description":"Hydrogen Storage and Transport","publisher":{"@id":"https:\/\/www.nproxx.com\/fr\/#organization"},"potentialAction":[{"@type":"SearchAction","target":{"@type":"EntryPoint","urlTemplate":"https:\/\/www.nproxx.com\/fr\/?s={search_term_string}"},"query-input":{"@type":"PropertyValueSpecification","valueRequired":true,"valueName":"search_term_string"}}],"inLanguage":"fr-FR"},{"@type":"Organization","@id":"https:\/\/www.nproxx.com\/fr\/#organization","name":"NPROXX","url":"https:\/\/www.nproxx.com\/fr\/","logo":{"@type":"ImageObject","inLanguage":"fr-FR","@id":"https:\/\/www.nproxx.com\/fr\/#\/schema\/logo\/image\/","url":"https:\/\/www.nproxx.com\/app\/uploads\/2018\/09\/nproxx_logo.svg","contentUrl":"https:\/\/www.nproxx.com\/app\/uploads\/2018\/09\/nproxx_logo.svg","caption":"NPROXX"},"image":{"@id":"https:\/\/www.nproxx.com\/fr\/#\/schema\/logo\/image\/"}}]}},"_links":{"self":[{"href":"https:\/\/www.nproxx.com\/fr\/wp-json\/wp\/v2\/pages\/588","targetHints":{"allow":["GET"]}}],"collection":[{"href":"https:\/\/www.nproxx.com\/fr\/wp-json\/wp\/v2\/pages"}],"about":[{"href":"https:\/\/www.nproxx.com\/fr\/wp-json\/wp\/v2\/types\/page"}],"author":[{"embeddable":true,"href":"https:\/\/www.nproxx.com\/fr\/wp-json\/wp\/v2\/users\/1"}],"replies":[{"embeddable":true,"href":"https:\/\/www.nproxx.com\/fr\/wp-json\/wp\/v2\/comments?post=588"}],"version-history":[{"count":11,"href":"https:\/\/www.nproxx.com\/fr\/wp-json\/wp\/v2\/pages\/588\/revisions"}],"predecessor-version":[{"id":7004,"href":"https:\/\/www.nproxx.com\/fr\/wp-json\/wp\/v2\/pages\/588\/revisions\/7004"}],"up":[{"embeddable":true,"href":"https:\/\/www.nproxx.com\/fr\/wp-json\/wp\/v2\/pages\/5708"}],"wp:featuredmedia":[{"embeddable":true,"href":"https:\/\/www.nproxx.com\/fr\/wp-json\/wp\/v2\/media\/5422"}],"wp:attachment":[{"href":"https:\/\/www.nproxx.com\/fr\/wp-json\/wp\/v2\/media?parent=588"}],"curies":[{"name":"wp","href":"https:\/\/api.w.org\/{rel}","templated":true}]}}