{"id":596,"date":"2018-09-27T09:58:50","date_gmt":"2018-09-27T08:58:50","guid":{"rendered":"https:\/\/nproxx.com\/home\/"},"modified":"2024-08-07T13:53:42","modified_gmt":"2024-08-07T12:53:42","slug":"home","status":"publish","type":"page","link":"https:\/\/www.nproxx.com\/fr\/","title":{"rendered":"Page d&apos;accueil"},"content":{"rendered":"","protected":false},"excerpt":{"rendered":"","protected":false},"author":1,"featured_media":3312,"parent":0,"menu_order":1,"comment_status":"closed","ping_status":"closed","template":"","meta":{"_acf_changed":false,"footnotes":""},"class_list":["post-596","page","type-page","status-publish","has-post-thumbnail","hentry"],"acf":[],"yoast_head":"<!-- This site is optimized with the Yoast SEO plugin v24.3 - https:\/\/yoast.com\/wordpress\/plugins\/seo\/ -->\n<title>Entreprise de stockage de l&amp;apos;hydrog\u00e8ne - NPROXX<\/title>\n<meta name=\"description\" content=\"Nous fabriquons des r\u00e9servoirs sous pression en mat\u00e9riau composite de type 4 pour les infrastructures de stockage de l&#039;hydrog\u00e8ne, les stations-services et les v\u00e9hicules \u00e0 hydrog\u00e8ne.\" \/>\n<meta name=\"robots\" content=\"index, follow, max-snippet:-1, max-image-preview:large, max-video-preview:-1\" \/>\n<link rel=\"canonical\" href=\"https:\/\/www.nproxx.com\/fr\/\" \/>\n<meta property=\"og:locale\" content=\"fr_FR\" \/>\n<meta property=\"og:type\" content=\"article\" \/>\n<meta property=\"og:title\" content=\"Entreprise de stockage de l&amp;apos;hydrog\u00e8ne - NPROXX\" \/>\n<meta property=\"og:description\" content=\"Nous fabriquons des r\u00e9servoirs sous pression en mat\u00e9riau composite de type 4 pour les infrastructures de stockage de l&#039;hydrog\u00e8ne, les stations-services et les v\u00e9hicules \u00e0 hydrog\u00e8ne.\" \/>\n<meta property=\"og:url\" content=\"https:\/\/www.nproxx.com\/fr\/\" \/>\n<meta property=\"og:site_name\" content=\"NPROXX\" \/>\n<meta property=\"article:modified_time\" content=\"2024-08-07T12:53:42+00:00\" \/>\n<meta property=\"og:image\" content=\"https:\/\/www.nproxx.com\/app\/uploads\/2021\/06\/nrpoxx_banner_image-scaled.jpg\" \/>\n\t<meta property=\"og:image:width\" content=\"2560\" \/>\n\t<meta property=\"og:image:height\" content=\"1440\" \/>\n\t<meta property=\"og:image:type\" content=\"image\/jpeg\" \/>\n<meta name=\"twitter:card\" content=\"summary_large_image\" \/>\n<meta name=\"twitter:label1\" content=\"Est. reading time\" \/>\n\t<meta name=\"twitter:data1\" content=\"1 minute\" \/>\n<script type=\"application\/ld+json\" class=\"yoast-schema-graph\">{\"@context\":\"https:\/\/schema.org\",\"@graph\":[{\"@type\":\"WebPage\",\"@id\":\"https:\/\/www.nproxx.com\/fr\/\",\"url\":\"https:\/\/www.nproxx.com\/fr\/\",\"name\":\"Entreprise de stockage de l&apos;hydrog\u00e8ne - NPROXX\",\"isPartOf\":{\"@id\":\"https:\/\/www.nproxx.com\/fr\/#website\"},\"primaryImageOfPage\":{\"@id\":\"https:\/\/www.nproxx.com\/fr\/#primaryimage\"},\"image\":{\"@id\":\"https:\/\/www.nproxx.com\/fr\/#primaryimage\"},\"thumbnailUrl\":\"https:\/\/www.nproxx.com\/app\/uploads\/2021\/06\/nrpoxx_banner_image-scaled.jpg\",\"datePublished\":\"2018-09-27T08:58:50+00:00\",\"dateModified\":\"2024-08-07T12:53:42+00:00\",\"description\":\"Nous fabriquons des r\u00e9servoirs sous pression en mat\u00e9riau composite de type 4 pour les infrastructures de stockage de l'hydrog\u00e8ne, les stations-services et les v\u00e9hicules \u00e0 hydrog\u00e8ne.\",\"inLanguage\":\"fr-FR\",\"potentialAction\":[{\"@type\":\"ReadAction\",\"target\":[\"https:\/\/www.nproxx.com\/fr\/\"]}]},{\"@type\":\"ImageObject\",\"inLanguage\":\"fr-FR\",\"@id\":\"https:\/\/www.nproxx.com\/fr\/#primaryimage\",\"url\":\"https:\/\/www.nproxx.com\/app\/uploads\/2021\/06\/nrpoxx_banner_image-scaled.jpg\",\"contentUrl\":\"https:\/\/www.nproxx.com\/app\/uploads\/2021\/06\/nrpoxx_banner_image-scaled.jpg\",\"width\":2560,\"height\":1440,\"caption\":\"Carbon Fiber Hydrogen Storage\"},{\"@type\":\"WebSite\",\"@id\":\"https:\/\/www.nproxx.com\/fr\/#website\",\"url\":\"https:\/\/www.nproxx.com\/fr\/\",\"name\":\"NPROXX\",\"description\":\"Hydrogen Storage and Transport\",\"publisher\":{\"@id\":\"https:\/\/www.nproxx.com\/fr\/#organization\"},\"potentialAction\":[{\"@type\":\"SearchAction\",\"target\":{\"@type\":\"EntryPoint\",\"urlTemplate\":\"https:\/\/www.nproxx.com\/fr\/?s={search_term_string}\"},\"query-input\":{\"@type\":\"PropertyValueSpecification\",\"valueRequired\":true,\"valueName\":\"search_term_string\"}}],\"inLanguage\":\"fr-FR\"},{\"@type\":\"Organization\",\"@id\":\"https:\/\/www.nproxx.com\/fr\/#organization\",\"name\":\"NPROXX\",\"url\":\"https:\/\/www.nproxx.com\/fr\/\",\"logo\":{\"@type\":\"ImageObject\",\"inLanguage\":\"fr-FR\",\"@id\":\"https:\/\/www.nproxx.com\/fr\/#\/schema\/logo\/image\/\",\"url\":\"https:\/\/www.nproxx.com\/app\/uploads\/2018\/09\/nproxx_logo.svg\",\"contentUrl\":\"https:\/\/www.nproxx.com\/app\/uploads\/2018\/09\/nproxx_logo.svg\",\"caption\":\"NPROXX\"},\"image\":{\"@id\":\"https:\/\/www.nproxx.com\/fr\/#\/schema\/logo\/image\/\"}}]}<\/script>\n<!-- \/ Yoast SEO plugin. -->","yoast_head_json":{"title":"Entreprise de stockage de l&apos;hydrog\u00e8ne - NPROXX","description":"Nous fabriquons des r\u00e9servoirs sous pression en mat\u00e9riau composite de type 4 pour les infrastructures de stockage de l'hydrog\u00e8ne, les stations-services et les v\u00e9hicules \u00e0 hydrog\u00e8ne.","robots":{"index":"index","follow":"follow","max-snippet":"max-snippet:-1","max-image-preview":"max-image-preview:large","max-video-preview":"max-video-preview:-1"},"canonical":"https:\/\/www.nproxx.com\/fr\/","og_locale":"fr_FR","og_type":"article","og_title":"Entreprise de stockage de l&apos;hydrog\u00e8ne - NPROXX","og_description":"Nous fabriquons des r\u00e9servoirs sous pression en mat\u00e9riau composite de type 4 pour les infrastructures de stockage de l'hydrog\u00e8ne, les stations-services et les v\u00e9hicules \u00e0 hydrog\u00e8ne.","og_url":"https:\/\/www.nproxx.com\/fr\/","og_site_name":"NPROXX","article_modified_time":"2024-08-07T12:53:42+00:00","og_image":[{"width":2560,"height":1440,"url":"https:\/\/www.nproxx.com\/app\/uploads\/2021\/06\/nrpoxx_banner_image-scaled.jpg","type":"image\/jpeg"}],"twitter_card":"summary_large_image","twitter_misc":{"Est. reading time":"1 minute"},"schema":{"@context":"https:\/\/schema.org","@graph":[{"@type":"WebPage","@id":"https:\/\/www.nproxx.com\/fr\/","url":"https:\/\/www.nproxx.com\/fr\/","name":"Entreprise de stockage de l&apos;hydrog\u00e8ne - NPROXX","isPartOf":{"@id":"https:\/\/www.nproxx.com\/fr\/#website"},"primaryImageOfPage":{"@id":"https:\/\/www.nproxx.com\/fr\/#primaryimage"},"image":{"@id":"https:\/\/www.nproxx.com\/fr\/#primaryimage"},"thumbnailUrl":"https:\/\/www.nproxx.com\/app\/uploads\/2021\/06\/nrpoxx_banner_image-scaled.jpg","datePublished":"2018-09-27T08:58:50+00:00","dateModified":"2024-08-07T12:53:42+00:00","description":"Nous fabriquons des r\u00e9servoirs sous pression en mat\u00e9riau composite de type 4 pour les infrastructures de stockage de l'hydrog\u00e8ne, les stations-services et les v\u00e9hicules \u00e0 hydrog\u00e8ne.","inLanguage":"fr-FR","potentialAction":[{"@type":"ReadAction","target":["https:\/\/www.nproxx.com\/fr\/"]}]},{"@type":"ImageObject","inLanguage":"fr-FR","@id":"https:\/\/www.nproxx.com\/fr\/#primaryimage","url":"https:\/\/www.nproxx.com\/app\/uploads\/2021\/06\/nrpoxx_banner_image-scaled.jpg","contentUrl":"https:\/\/www.nproxx.com\/app\/uploads\/2021\/06\/nrpoxx_banner_image-scaled.jpg","width":2560,"height":1440,"caption":"Carbon Fiber Hydrogen Storage"},{"@type":"WebSite","@id":"https:\/\/www.nproxx.com\/fr\/#website","url":"https:\/\/www.nproxx.com\/fr\/","name":"NPROXX","description":"Hydrogen Storage and Transport","publisher":{"@id":"https:\/\/www.nproxx.com\/fr\/#organization"},"potentialAction":[{"@type":"SearchAction","target":{"@type":"EntryPoint","urlTemplate":"https:\/\/www.nproxx.com\/fr\/?s={search_term_string}"},"query-input":{"@type":"PropertyValueSpecification","valueRequired":true,"valueName":"search_term_string"}}],"inLanguage":"fr-FR"},{"@type":"Organization","@id":"https:\/\/www.nproxx.com\/fr\/#organization","name":"NPROXX","url":"https:\/\/www.nproxx.com\/fr\/","logo":{"@type":"ImageObject","inLanguage":"fr-FR","@id":"https:\/\/www.nproxx.com\/fr\/#\/schema\/logo\/image\/","url":"https:\/\/www.nproxx.com\/app\/uploads\/2018\/09\/nproxx_logo.svg","contentUrl":"https:\/\/www.nproxx.com\/app\/uploads\/2018\/09\/nproxx_logo.svg","caption":"NPROXX"},"image":{"@id":"https:\/\/www.nproxx.com\/fr\/#\/schema\/logo\/image\/"}}]}},"_links":{"self":[{"href":"https:\/\/www.nproxx.com\/fr\/wp-json\/wp\/v2\/pages\/596","targetHints":{"allow":["GET"]}}],"collection":[{"href":"https:\/\/www.nproxx.com\/fr\/wp-json\/wp\/v2\/pages"}],"about":[{"href":"https:\/\/www.nproxx.com\/fr\/wp-json\/wp\/v2\/types\/page"}],"author":[{"embeddable":true,"href":"https:\/\/www.nproxx.com\/fr\/wp-json\/wp\/v2\/users\/1"}],"replies":[{"embeddable":true,"href":"https:\/\/www.nproxx.com\/fr\/wp-json\/wp\/v2\/comments?post=596"}],"version-history":[{"count":24,"href":"https:\/\/www.nproxx.com\/fr\/wp-json\/wp\/v2\/pages\/596\/revisions"}],"predecessor-version":[{"id":10330,"href":"https:\/\/www.nproxx.com\/fr\/wp-json\/wp\/v2\/pages\/596\/revisions\/10330"}],"wp:featuredmedia":[{"embeddable":true,"href":"https:\/\/www.nproxx.com\/fr\/wp-json\/wp\/v2\/media\/3312"}],"wp:attachment":[{"href":"https:\/\/www.nproxx.com\/fr\/wp-json\/wp\/v2\/media?parent=596"}],"curies":[{"name":"wp","href":"https:\/\/api.w.org\/{rel}","templated":true}]}}