{"id":599,"date":"2018-03-11T11:37:08","date_gmt":"2018-03-11T11:37:08","guid":{"rendered":"https:\/\/nproxx.com\/hydrogen-transport\/hydrogen-powered-cars-vans\/"},"modified":"2020-08-03T13:40:19","modified_gmt":"2020-08-03T12:40:19","slug":"vehicules-de-tourisme-et-vehicules-utilitaires-a-hydrogene","status":"publish","type":"page","link":"https:\/\/www.nproxx.com\/fr\/automotive\/vehicules-de-tourisme-et-vehicules-utilitaires-a-hydrogene\/","title":{"rendered":"V\u00e9hicules de tourisme et v\u00e9hicules utilitaires  \u00e0 hydrog\u00e8ne"},"content":{"rendered":"<p>Nous travaillons avec plusieurs constructeurs automobiles majeurs \u00e0 la conception et \u00e0 l&rsquo;\u00e9laboration de nouveaux r\u00e9servoirs sous pression \u00e0 haute r\u00e9sistance susceptibles d&rsquo;\u00eatre int\u00e9gr\u00e9s dans le design de voitures de tourisme et de v\u00e9hicules utilitaires l\u00e9gers circulant dans un environnement urbain.<\/p>\n<p>Les d\u00e9fis en mati\u00e8re de design sont clairs\u00a0: la s\u00e9curit\u00e9, l&rsquo;efficacit\u00e9 et la fiabilit\u00e9 sont essentiels. Chez NPROXX, notre expertise se concentre sur l&rsquo;optimisation du design en termes de s\u00e9curit\u00e9, de volume et d&rsquo;efficacit\u00e9 dans les applications de stockage de l&rsquo;hydrog\u00e8ne.<\/p>\n<p>Nous travaillons actuellement sur plusieurs projets automobiles avec des constructeurs d&rsquo;envergure mondiale, ainsi que sur des v\u00e9hicules de flotte pour une entreprise de v\u00e9hicules utilitaires de renom.<\/p>\n","protected":false},"excerpt":{"rendered":"<p>NPROXX se projette toujours vers l&apos;avenir &ndash; les solutions high-tech dont nous disposons aujourd&apos;hui continueront de se perfectionner sur plusieurs g&eacute;n&eacute;rations afin d&apos;offrir de meilleures opportunit&eacute;s pour la r&eacute;duction ou l&apos;&eacute;limination des &eacute;missions de carbone dans les applications de transport.<\/p>\n","protected":false},"author":1,"featured_media":343,"parent":2244,"menu_order":0,"comment_status":"closed","ping_status":"closed","template":"","meta":{"_acf_changed":false,"footnotes":""},"class_list":["post-599","page","type-page","status-publish","has-post-thumbnail","hentry"],"acf":[],"yoast_head":"<!-- This site is optimized with the Yoast SEO plugin v24.3 - https:\/\/yoast.com\/wordpress\/plugins\/seo\/ -->\n<title>V\u00e9hicules de tourisme et v\u00e9hicules utilitaires \u00e0 hydrog\u00e8ne - NPROXX<\/title>\n<meta name=\"description\" content=\"Nous travaillons avec des constructeurs automobiles \u00e0 l&amp;apos;\u00e9laboration de nouveaux r\u00e9servoirs sous pression \u00e0 haute r\u00e9sistance susceptibles d&amp;apos;\u00eatre int\u00e9gr\u00e9s dans des voitures de tourisme et des v\u00e9hicules utilitaires l\u00e9gers.\" \/>\n<meta name=\"robots\" content=\"index, follow, max-snippet:-1, max-image-preview:large, max-video-preview:-1\" \/>\n<link rel=\"canonical\" href=\"https:\/\/www.nproxx.com\/fr\/automotive\/vehicules-de-tourisme-et-vehicules-utilitaires-a-hydrogene\/\" \/>\n<meta property=\"og:locale\" content=\"fr_FR\" \/>\n<meta property=\"og:type\" content=\"article\" \/>\n<meta property=\"og:title\" content=\"V\u00e9hicules de tourisme et v\u00e9hicules utilitaires \u00e0 hydrog\u00e8ne - NPROXX\" \/>\n<meta property=\"og:description\" content=\"Nous travaillons avec des constructeurs automobiles \u00e0 l&amp;apos;\u00e9laboration de nouveaux r\u00e9servoirs sous pression \u00e0 haute r\u00e9sistance susceptibles d&amp;apos;\u00eatre int\u00e9gr\u00e9s dans des voitures de tourisme et des v\u00e9hicules utilitaires l\u00e9gers.\" \/>\n<meta property=\"og:url\" content=\"https:\/\/www.nproxx.com\/fr\/automotive\/vehicules-de-tourisme-et-vehicules-utilitaires-a-hydrogene\/\" \/>\n<meta property=\"og:site_name\" content=\"NPROXX\" \/>\n<meta property=\"article:modified_time\" content=\"2020-08-03T12:40:19+00:00\" \/>\n<meta property=\"og:image\" content=\"https:\/\/www.nproxx.com\/app\/uploads\/2018\/09\/banner_car.jpg\" \/>\n\t<meta property=\"og:image:width\" content=\"2732\" \/>\n\t<meta property=\"og:image:height\" content=\"900\" \/>\n\t<meta property=\"og:image:type\" content=\"image\/jpeg\" \/>\n<meta name=\"twitter:card\" content=\"summary_large_image\" \/>\n<meta name=\"twitter:label1\" content=\"Est. reading time\" \/>\n\t<meta name=\"twitter:data1\" content=\"1 minute\" \/>\n<script type=\"application\/ld+json\" class=\"yoast-schema-graph\">{\"@context\":\"https:\/\/schema.org\",\"@graph\":[{\"@type\":\"WebPage\",\"@id\":\"https:\/\/www.nproxx.com\/fr\/automotive\/vehicules-de-tourisme-et-vehicules-utilitaires-a-hydrogene\/\",\"url\":\"https:\/\/www.nproxx.com\/fr\/automotive\/vehicules-de-tourisme-et-vehicules-utilitaires-a-hydrogene\/\",\"name\":\"V\u00e9hicules de tourisme et v\u00e9hicules utilitaires \u00e0 hydrog\u00e8ne - NPROXX\",\"isPartOf\":{\"@id\":\"https:\/\/www.nproxx.com\/fr\/#website\"},\"primaryImageOfPage\":{\"@id\":\"https:\/\/www.nproxx.com\/fr\/automotive\/vehicules-de-tourisme-et-vehicules-utilitaires-a-hydrogene\/#primaryimage\"},\"image\":{\"@id\":\"https:\/\/www.nproxx.com\/fr\/automotive\/vehicules-de-tourisme-et-vehicules-utilitaires-a-hydrogene\/#primaryimage\"},\"thumbnailUrl\":\"https:\/\/www.nproxx.com\/app\/uploads\/2018\/09\/banner_car.jpg\",\"datePublished\":\"2018-03-11T11:37:08+00:00\",\"dateModified\":\"2020-08-03T12:40:19+00:00\",\"description\":\"Nous travaillons avec des constructeurs automobiles \u00e0 l&apos;\u00e9laboration de nouveaux r\u00e9servoirs sous pression \u00e0 haute r\u00e9sistance susceptibles d&apos;\u00eatre int\u00e9gr\u00e9s dans des voitures de tourisme et des v\u00e9hicules utilitaires l\u00e9gers.\",\"breadcrumb\":{\"@id\":\"https:\/\/www.nproxx.com\/fr\/automotive\/vehicules-de-tourisme-et-vehicules-utilitaires-a-hydrogene\/#breadcrumb\"},\"inLanguage\":\"fr-FR\",\"potentialAction\":[{\"@type\":\"ReadAction\",\"target\":[\"https:\/\/www.nproxx.com\/fr\/automotive\/vehicules-de-tourisme-et-vehicules-utilitaires-a-hydrogene\/\"]}]},{\"@type\":\"ImageObject\",\"inLanguage\":\"fr-FR\",\"@id\":\"https:\/\/www.nproxx.com\/fr\/automotive\/vehicules-de-tourisme-et-vehicules-utilitaires-a-hydrogene\/#primaryimage\",\"url\":\"https:\/\/www.nproxx.com\/app\/uploads\/2018\/09\/banner_car.jpg\",\"contentUrl\":\"https:\/\/www.nproxx.com\/app\/uploads\/2018\/09\/banner_car.jpg\",\"width\":2732,\"height\":900,\"caption\":\"Hydrogen powered cars\"},{\"@type\":\"BreadcrumbList\",\"@id\":\"https:\/\/www.nproxx.com\/fr\/automotive\/vehicules-de-tourisme-et-vehicules-utilitaires-a-hydrogene\/#breadcrumb\",\"itemListElement\":[{\"@type\":\"ListItem\",\"position\":1,\"name\":\"Automotive\",\"item\":\"https:\/\/www.nproxx.com\/fr\/automotive\/\"},{\"@type\":\"ListItem\",\"position\":2,\"name\":\"V\u00e9hicules de tourisme et v\u00e9hicules utilitaires \u00e0 hydrog\u00e8ne\"}]},{\"@type\":\"WebSite\",\"@id\":\"https:\/\/www.nproxx.com\/fr\/#website\",\"url\":\"https:\/\/www.nproxx.com\/fr\/\",\"name\":\"NPROXX\",\"description\":\"Hydrogen Storage and Transport\",\"publisher\":{\"@id\":\"https:\/\/www.nproxx.com\/fr\/#organization\"},\"potentialAction\":[{\"@type\":\"SearchAction\",\"target\":{\"@type\":\"EntryPoint\",\"urlTemplate\":\"https:\/\/www.nproxx.com\/fr\/?s={search_term_string}\"},\"query-input\":{\"@type\":\"PropertyValueSpecification\",\"valueRequired\":true,\"valueName\":\"search_term_string\"}}],\"inLanguage\":\"fr-FR\"},{\"@type\":\"Organization\",\"@id\":\"https:\/\/www.nproxx.com\/fr\/#organization\",\"name\":\"NPROXX\",\"url\":\"https:\/\/www.nproxx.com\/fr\/\",\"logo\":{\"@type\":\"ImageObject\",\"inLanguage\":\"fr-FR\",\"@id\":\"https:\/\/www.nproxx.com\/fr\/#\/schema\/logo\/image\/\",\"url\":\"https:\/\/www.nproxx.com\/app\/uploads\/2018\/09\/nproxx_logo.svg\",\"contentUrl\":\"https:\/\/www.nproxx.com\/app\/uploads\/2018\/09\/nproxx_logo.svg\",\"caption\":\"NPROXX\"},\"image\":{\"@id\":\"https:\/\/www.nproxx.com\/fr\/#\/schema\/logo\/image\/\"}}]}<\/script>\n<!-- \/ Yoast SEO plugin. -->","yoast_head_json":{"title":"V\u00e9hicules de tourisme et v\u00e9hicules utilitaires \u00e0 hydrog\u00e8ne - NPROXX","description":"Nous travaillons avec des constructeurs automobiles \u00e0 l&apos;\u00e9laboration de nouveaux r\u00e9servoirs sous pression \u00e0 haute r\u00e9sistance susceptibles d&apos;\u00eatre int\u00e9gr\u00e9s dans des voitures de tourisme et des v\u00e9hicules utilitaires l\u00e9gers.","robots":{"index":"index","follow":"follow","max-snippet":"max-snippet:-1","max-image-preview":"max-image-preview:large","max-video-preview":"max-video-preview:-1"},"canonical":"https:\/\/www.nproxx.com\/fr\/automotive\/vehicules-de-tourisme-et-vehicules-utilitaires-a-hydrogene\/","og_locale":"fr_FR","og_type":"article","og_title":"V\u00e9hicules de tourisme et v\u00e9hicules utilitaires \u00e0 hydrog\u00e8ne - NPROXX","og_description":"Nous travaillons avec des constructeurs automobiles \u00e0 l&apos;\u00e9laboration de nouveaux r\u00e9servoirs sous pression \u00e0 haute r\u00e9sistance susceptibles d&apos;\u00eatre int\u00e9gr\u00e9s dans des voitures de tourisme et des v\u00e9hicules utilitaires l\u00e9gers.","og_url":"https:\/\/www.nproxx.com\/fr\/automotive\/vehicules-de-tourisme-et-vehicules-utilitaires-a-hydrogene\/","og_site_name":"NPROXX","article_modified_time":"2020-08-03T12:40:19+00:00","og_image":[{"width":2732,"height":900,"url":"https:\/\/www.nproxx.com\/app\/uploads\/2018\/09\/banner_car.jpg","type":"image\/jpeg"}],"twitter_card":"summary_large_image","twitter_misc":{"Est. reading time":"1 minute"},"schema":{"@context":"https:\/\/schema.org","@graph":[{"@type":"WebPage","@id":"https:\/\/www.nproxx.com\/fr\/automotive\/vehicules-de-tourisme-et-vehicules-utilitaires-a-hydrogene\/","url":"https:\/\/www.nproxx.com\/fr\/automotive\/vehicules-de-tourisme-et-vehicules-utilitaires-a-hydrogene\/","name":"V\u00e9hicules de tourisme et v\u00e9hicules utilitaires \u00e0 hydrog\u00e8ne - NPROXX","isPartOf":{"@id":"https:\/\/www.nproxx.com\/fr\/#website"},"primaryImageOfPage":{"@id":"https:\/\/www.nproxx.com\/fr\/automotive\/vehicules-de-tourisme-et-vehicules-utilitaires-a-hydrogene\/#primaryimage"},"image":{"@id":"https:\/\/www.nproxx.com\/fr\/automotive\/vehicules-de-tourisme-et-vehicules-utilitaires-a-hydrogene\/#primaryimage"},"thumbnailUrl":"https:\/\/www.nproxx.com\/app\/uploads\/2018\/09\/banner_car.jpg","datePublished":"2018-03-11T11:37:08+00:00","dateModified":"2020-08-03T12:40:19+00:00","description":"Nous travaillons avec des constructeurs automobiles \u00e0 l&apos;\u00e9laboration de nouveaux r\u00e9servoirs sous pression \u00e0 haute r\u00e9sistance susceptibles d&apos;\u00eatre int\u00e9gr\u00e9s dans des voitures de tourisme et des v\u00e9hicules utilitaires l\u00e9gers.","breadcrumb":{"@id":"https:\/\/www.nproxx.com\/fr\/automotive\/vehicules-de-tourisme-et-vehicules-utilitaires-a-hydrogene\/#breadcrumb"},"inLanguage":"fr-FR","potentialAction":[{"@type":"ReadAction","target":["https:\/\/www.nproxx.com\/fr\/automotive\/vehicules-de-tourisme-et-vehicules-utilitaires-a-hydrogene\/"]}]},{"@type":"ImageObject","inLanguage":"fr-FR","@id":"https:\/\/www.nproxx.com\/fr\/automotive\/vehicules-de-tourisme-et-vehicules-utilitaires-a-hydrogene\/#primaryimage","url":"https:\/\/www.nproxx.com\/app\/uploads\/2018\/09\/banner_car.jpg","contentUrl":"https:\/\/www.nproxx.com\/app\/uploads\/2018\/09\/banner_car.jpg","width":2732,"height":900,"caption":"Hydrogen powered cars"},{"@type":"BreadcrumbList","@id":"https:\/\/www.nproxx.com\/fr\/automotive\/vehicules-de-tourisme-et-vehicules-utilitaires-a-hydrogene\/#breadcrumb","itemListElement":[{"@type":"ListItem","position":1,"name":"Automotive","item":"https:\/\/www.nproxx.com\/fr\/automotive\/"},{"@type":"ListItem","position":2,"name":"V\u00e9hicules de tourisme et v\u00e9hicules utilitaires \u00e0 hydrog\u00e8ne"}]},{"@type":"WebSite","@id":"https:\/\/www.nproxx.com\/fr\/#website","url":"https:\/\/www.nproxx.com\/fr\/","name":"NPROXX","description":"Hydrogen Storage and Transport","publisher":{"@id":"https:\/\/www.nproxx.com\/fr\/#organization"},"potentialAction":[{"@type":"SearchAction","target":{"@type":"EntryPoint","urlTemplate":"https:\/\/www.nproxx.com\/fr\/?s={search_term_string}"},"query-input":{"@type":"PropertyValueSpecification","valueRequired":true,"valueName":"search_term_string"}}],"inLanguage":"fr-FR"},{"@type":"Organization","@id":"https:\/\/www.nproxx.com\/fr\/#organization","name":"NPROXX","url":"https:\/\/www.nproxx.com\/fr\/","logo":{"@type":"ImageObject","inLanguage":"fr-FR","@id":"https:\/\/www.nproxx.com\/fr\/#\/schema\/logo\/image\/","url":"https:\/\/www.nproxx.com\/app\/uploads\/2018\/09\/nproxx_logo.svg","contentUrl":"https:\/\/www.nproxx.com\/app\/uploads\/2018\/09\/nproxx_logo.svg","caption":"NPROXX"},"image":{"@id":"https:\/\/www.nproxx.com\/fr\/#\/schema\/logo\/image\/"}}]}},"_links":{"self":[{"href":"https:\/\/www.nproxx.com\/fr\/wp-json\/wp\/v2\/pages\/599","targetHints":{"allow":["GET"]}}],"collection":[{"href":"https:\/\/www.nproxx.com\/fr\/wp-json\/wp\/v2\/pages"}],"about":[{"href":"https:\/\/www.nproxx.com\/fr\/wp-json\/wp\/v2\/types\/page"}],"author":[{"embeddable":true,"href":"https:\/\/www.nproxx.com\/fr\/wp-json\/wp\/v2\/users\/1"}],"replies":[{"embeddable":true,"href":"https:\/\/www.nproxx.com\/fr\/wp-json\/wp\/v2\/comments?post=599"}],"version-history":[{"count":4,"href":"https:\/\/www.nproxx.com\/fr\/wp-json\/wp\/v2\/pages\/599\/revisions"}],"predecessor-version":[{"id":2408,"href":"https:\/\/www.nproxx.com\/fr\/wp-json\/wp\/v2\/pages\/599\/revisions\/2408"}],"up":[{"embeddable":true,"href":"https:\/\/www.nproxx.com\/fr\/wp-json\/wp\/v2\/pages\/2244"}],"wp:featuredmedia":[{"embeddable":true,"href":"https:\/\/www.nproxx.com\/fr\/wp-json\/wp\/v2\/media\/343"}],"wp:attachment":[{"href":"https:\/\/www.nproxx.com\/fr\/wp-json\/wp\/v2\/media?parent=599"}],"curies":[{"name":"wp","href":"https:\/\/api.w.org\/{rel}","templated":true}]}}