{"id":601,"date":"2018-10-11T11:37:08","date_gmt":"2018-10-11T10:37:08","guid":{"rendered":"https:\/\/nproxx.com\/hydrogen-storage\/"},"modified":"2022-09-20T14:49:11","modified_gmt":"2022-09-20T13:49:11","slug":"transport-et-stockage-fixe","status":"publish","type":"page","link":"https:\/\/www.nproxx.com\/fr\/transport-et-stockage-fixe\/","title":{"rendered":"Transport et stockage fixe"},"content":{"rendered":"<p>Nos solutions de stockage ont \u00e9t\u00e9 con\u00e7ues comme des syst\u00e8mes modulaires, permettant le stockage pratique et s\u00fbr de grandes quantit\u00e9s d\u2019hydrog\u00e8ne, soit sur le site de production, soit dans les postes de ravitaillement et autres installations similaires.<\/p>\n","protected":false},"excerpt":{"rendered":"<p>NPROXX a mis au point toute une gamme de solutions pour le stockage sous haute pression de l\u2019hydrog\u00e8ne en toute s\u00e9curit\u00e9.<\/p>\n","protected":false},"author":1,"featured_media":6558,"parent":0,"menu_order":0,"comment_status":"closed","ping_status":"closed","template":"","meta":{"_acf_changed":false,"footnotes":""},"class_list":["post-601","page","type-page","status-publish","has-post-thumbnail","hentry"],"acf":[],"yoast_head":"<!-- This site is optimized with the Yoast SEO plugin v24.3 - https:\/\/yoast.com\/wordpress\/plugins\/seo\/ -->\n<title>Transport et stockage fixe - NPROXX<\/title>\n<meta name=\"description\" content=\"NPROXX a mis au point toute une gamme de solutions pour le stockage sous haute pression de l\u2019hydrog\u00e8ne en toute s\u00e9curit\u00e9.\" \/>\n<meta name=\"robots\" content=\"index, follow, max-snippet:-1, max-image-preview:large, max-video-preview:-1\" \/>\n<link rel=\"canonical\" href=\"https:\/\/www.nproxx.com\/fr\/transport-et-stockage-fixe\/\" \/>\n<meta property=\"og:locale\" content=\"fr_FR\" \/>\n<meta property=\"og:type\" content=\"article\" \/>\n<meta property=\"og:title\" content=\"Transport et stockage fixe - NPROXX\" \/>\n<meta property=\"og:description\" content=\"NPROXX a mis au point toute une gamme de solutions pour le stockage sous haute pression de l\u2019hydrog\u00e8ne en toute s\u00e9curit\u00e9.\" \/>\n<meta property=\"og:url\" content=\"https:\/\/www.nproxx.com\/fr\/transport-et-stockage-fixe\/\" \/>\n<meta property=\"og:site_name\" content=\"NPROXX\" \/>\n<meta property=\"article:modified_time\" content=\"2022-09-20T13:49:11+00:00\" \/>\n<meta property=\"og:image\" content=\"https:\/\/www.nproxx.com\/app\/uploads\/2022\/09\/banner_transport_and_storage@3x-scaled.webp\" \/>\n\t<meta property=\"og:image:width\" content=\"2560\" \/>\n\t<meta property=\"og:image:height\" content=\"770\" \/>\n\t<meta property=\"og:image:type\" content=\"image\/webp\" \/>\n<meta name=\"twitter:card\" content=\"summary_large_image\" \/>\n<meta name=\"twitter:label1\" content=\"Est. reading time\" \/>\n\t<meta name=\"twitter:data1\" content=\"1 minute\" \/>\n<script type=\"application\/ld+json\" class=\"yoast-schema-graph\">{\"@context\":\"https:\/\/schema.org\",\"@graph\":[{\"@type\":\"WebPage\",\"@id\":\"https:\/\/www.nproxx.com\/fr\/transport-et-stockage-fixe\/\",\"url\":\"https:\/\/www.nproxx.com\/fr\/transport-et-stockage-fixe\/\",\"name\":\"Transport et stockage fixe - NPROXX\",\"isPartOf\":{\"@id\":\"https:\/\/www.nproxx.com\/fr\/#website\"},\"primaryImageOfPage\":{\"@id\":\"https:\/\/www.nproxx.com\/fr\/transport-et-stockage-fixe\/#primaryimage\"},\"image\":{\"@id\":\"https:\/\/www.nproxx.com\/fr\/transport-et-stockage-fixe\/#primaryimage\"},\"thumbnailUrl\":\"https:\/\/www.nproxx.com\/app\/uploads\/2022\/09\/banner_transport_and_storage@3x-scaled.webp\",\"datePublished\":\"2018-10-11T10:37:08+00:00\",\"dateModified\":\"2022-09-20T13:49:11+00:00\",\"description\":\"NPROXX a mis au point toute une gamme de solutions pour le stockage sous haute pression de l\u2019hydrog\u00e8ne en toute s\u00e9curit\u00e9.\",\"inLanguage\":\"fr-FR\",\"potentialAction\":[{\"@type\":\"ReadAction\",\"target\":[\"https:\/\/www.nproxx.com\/fr\/transport-et-stockage-fixe\/\"]}]},{\"@type\":\"ImageObject\",\"inLanguage\":\"fr-FR\",\"@id\":\"https:\/\/www.nproxx.com\/fr\/transport-et-stockage-fixe\/#primaryimage\",\"url\":\"https:\/\/www.nproxx.com\/app\/uploads\/2022\/09\/banner_transport_and_storage@3x-scaled.webp\",\"contentUrl\":\"https:\/\/www.nproxx.com\/app\/uploads\/2022\/09\/banner_transport_and_storage@3x-scaled.webp\",\"width\":2560,\"height\":770},{\"@type\":\"WebSite\",\"@id\":\"https:\/\/www.nproxx.com\/fr\/#website\",\"url\":\"https:\/\/www.nproxx.com\/fr\/\",\"name\":\"NPROXX\",\"description\":\"Hydrogen Storage and Transport\",\"publisher\":{\"@id\":\"https:\/\/www.nproxx.com\/fr\/#organization\"},\"potentialAction\":[{\"@type\":\"SearchAction\",\"target\":{\"@type\":\"EntryPoint\",\"urlTemplate\":\"https:\/\/www.nproxx.com\/fr\/?s={search_term_string}\"},\"query-input\":{\"@type\":\"PropertyValueSpecification\",\"valueRequired\":true,\"valueName\":\"search_term_string\"}}],\"inLanguage\":\"fr-FR\"},{\"@type\":\"Organization\",\"@id\":\"https:\/\/www.nproxx.com\/fr\/#organization\",\"name\":\"NPROXX\",\"url\":\"https:\/\/www.nproxx.com\/fr\/\",\"logo\":{\"@type\":\"ImageObject\",\"inLanguage\":\"fr-FR\",\"@id\":\"https:\/\/www.nproxx.com\/fr\/#\/schema\/logo\/image\/\",\"url\":\"https:\/\/www.nproxx.com\/app\/uploads\/2018\/09\/nproxx_logo.svg\",\"contentUrl\":\"https:\/\/www.nproxx.com\/app\/uploads\/2018\/09\/nproxx_logo.svg\",\"caption\":\"NPROXX\"},\"image\":{\"@id\":\"https:\/\/www.nproxx.com\/fr\/#\/schema\/logo\/image\/\"}}]}<\/script>\n<!-- \/ Yoast SEO plugin. -->","yoast_head_json":{"title":"Transport et stockage fixe - NPROXX","description":"NPROXX a mis au point toute une gamme de solutions pour le stockage sous haute pression de l\u2019hydrog\u00e8ne en toute s\u00e9curit\u00e9.","robots":{"index":"index","follow":"follow","max-snippet":"max-snippet:-1","max-image-preview":"max-image-preview:large","max-video-preview":"max-video-preview:-1"},"canonical":"https:\/\/www.nproxx.com\/fr\/transport-et-stockage-fixe\/","og_locale":"fr_FR","og_type":"article","og_title":"Transport et stockage fixe - NPROXX","og_description":"NPROXX a mis au point toute une gamme de solutions pour le stockage sous haute pression de l\u2019hydrog\u00e8ne en toute s\u00e9curit\u00e9.","og_url":"https:\/\/www.nproxx.com\/fr\/transport-et-stockage-fixe\/","og_site_name":"NPROXX","article_modified_time":"2022-09-20T13:49:11+00:00","og_image":[{"width":2560,"height":770,"url":"https:\/\/www.nproxx.com\/app\/uploads\/2022\/09\/banner_transport_and_storage@3x-scaled.webp","type":"image\/webp"}],"twitter_card":"summary_large_image","twitter_misc":{"Est. reading time":"1 minute"},"schema":{"@context":"https:\/\/schema.org","@graph":[{"@type":"WebPage","@id":"https:\/\/www.nproxx.com\/fr\/transport-et-stockage-fixe\/","url":"https:\/\/www.nproxx.com\/fr\/transport-et-stockage-fixe\/","name":"Transport et stockage fixe - NPROXX","isPartOf":{"@id":"https:\/\/www.nproxx.com\/fr\/#website"},"primaryImageOfPage":{"@id":"https:\/\/www.nproxx.com\/fr\/transport-et-stockage-fixe\/#primaryimage"},"image":{"@id":"https:\/\/www.nproxx.com\/fr\/transport-et-stockage-fixe\/#primaryimage"},"thumbnailUrl":"https:\/\/www.nproxx.com\/app\/uploads\/2022\/09\/banner_transport_and_storage@3x-scaled.webp","datePublished":"2018-10-11T10:37:08+00:00","dateModified":"2022-09-20T13:49:11+00:00","description":"NPROXX a mis au point toute une gamme de solutions pour le stockage sous haute pression de l\u2019hydrog\u00e8ne en toute s\u00e9curit\u00e9.","inLanguage":"fr-FR","potentialAction":[{"@type":"ReadAction","target":["https:\/\/www.nproxx.com\/fr\/transport-et-stockage-fixe\/"]}]},{"@type":"ImageObject","inLanguage":"fr-FR","@id":"https:\/\/www.nproxx.com\/fr\/transport-et-stockage-fixe\/#primaryimage","url":"https:\/\/www.nproxx.com\/app\/uploads\/2022\/09\/banner_transport_and_storage@3x-scaled.webp","contentUrl":"https:\/\/www.nproxx.com\/app\/uploads\/2022\/09\/banner_transport_and_storage@3x-scaled.webp","width":2560,"height":770},{"@type":"WebSite","@id":"https:\/\/www.nproxx.com\/fr\/#website","url":"https:\/\/www.nproxx.com\/fr\/","name":"NPROXX","description":"Hydrogen Storage and Transport","publisher":{"@id":"https:\/\/www.nproxx.com\/fr\/#organization"},"potentialAction":[{"@type":"SearchAction","target":{"@type":"EntryPoint","urlTemplate":"https:\/\/www.nproxx.com\/fr\/?s={search_term_string}"},"query-input":{"@type":"PropertyValueSpecification","valueRequired":true,"valueName":"search_term_string"}}],"inLanguage":"fr-FR"},{"@type":"Organization","@id":"https:\/\/www.nproxx.com\/fr\/#organization","name":"NPROXX","url":"https:\/\/www.nproxx.com\/fr\/","logo":{"@type":"ImageObject","inLanguage":"fr-FR","@id":"https:\/\/www.nproxx.com\/fr\/#\/schema\/logo\/image\/","url":"https:\/\/www.nproxx.com\/app\/uploads\/2018\/09\/nproxx_logo.svg","contentUrl":"https:\/\/www.nproxx.com\/app\/uploads\/2018\/09\/nproxx_logo.svg","caption":"NPROXX"},"image":{"@id":"https:\/\/www.nproxx.com\/fr\/#\/schema\/logo\/image\/"}}]}},"_links":{"self":[{"href":"https:\/\/www.nproxx.com\/fr\/wp-json\/wp\/v2\/pages\/601","targetHints":{"allow":["GET"]}}],"collection":[{"href":"https:\/\/www.nproxx.com\/fr\/wp-json\/wp\/v2\/pages"}],"about":[{"href":"https:\/\/www.nproxx.com\/fr\/wp-json\/wp\/v2\/types\/page"}],"author":[{"embeddable":true,"href":"https:\/\/www.nproxx.com\/fr\/wp-json\/wp\/v2\/users\/1"}],"replies":[{"embeddable":true,"href":"https:\/\/www.nproxx.com\/fr\/wp-json\/wp\/v2\/comments?post=601"}],"version-history":[{"count":8,"href":"https:\/\/www.nproxx.com\/fr\/wp-json\/wp\/v2\/pages\/601\/revisions"}],"predecessor-version":[{"id":6563,"href":"https:\/\/www.nproxx.com\/fr\/wp-json\/wp\/v2\/pages\/601\/revisions\/6563"}],"wp:featuredmedia":[{"embeddable":true,"href":"https:\/\/www.nproxx.com\/fr\/wp-json\/wp\/v2\/media\/6558"}],"wp:attachment":[{"href":"https:\/\/www.nproxx.com\/fr\/wp-json\/wp\/v2\/media?parent=601"}],"curies":[{"name":"wp","href":"https:\/\/api.w.org\/{rel}","templated":true}]}}