{"id":602,"date":"2018-05-11T11:37:08","date_gmt":"2018-05-11T10:37:08","guid":{"rendered":"https:\/\/nproxx.com\/hydrogen-storage\/stationary-hydrogen-storage-applications\/"},"modified":"2022-09-20T15:22:57","modified_gmt":"2022-09-20T14:22:57","slug":"stockage-fixe","status":"publish","type":"page","link":"https:\/\/www.nproxx.com\/fr\/transport-et-stockage-fixe\/stockage-fixe\/","title":{"rendered":"Stockage fixe de l\u2019hydrog\u00e8ne"},"content":{"rendered":"<p>Le stockage de l\u2019hydrog\u00e8ne \u00e0 forte densit\u00e9 est un d\u00e9fi majeur \u2013\u00a0 <a href=\"https:\/\/nproxx.com\/\">NPROXX<\/a> a relev\u00e9 ce d\u00e9fi et est en mesure d\u2019offrir une s\u00e9rie d\u2019applications pour le stockage fixe de grands volumes d\u2019hydrog\u00e8ne comprim\u00e9.<\/p>\n<p>Cela permet ensuite l\u2019installation de postes de ravitaillement et de d\u00e9p\u00f4ts de stockage. Afin d\u2019assurer l\u2019approvisionnement de v\u00e9hicules \u00e0 hydrog\u00e8ne, quels qu\u2019ils soient, l\u2019hydrog\u00e8ne doit \u00eatre stock\u00e9 sous haute pression, pas seulement pour limiter l\u2019encombrement de l\u2019installation de stockage, mais aussi pour assurer l\u2019approvisionnement facile et rapide des v\u00e9hicules \u00e0 hydrog\u00e8ne.<\/p>\n<p><strong>Notre technologie<\/strong><\/p>\n<p>Des<a href=\"https:\/\/www.nproxx.com\/fr\/capacites\/reservoirs-sous-pression-de-type-4\/\"> r\u00e9servoirs sous pression de type 4<\/a> \u00e0 haute r\u00e9sistance, l\u00e9gers, en mat\u00e9riau composite sont int\u00e9gr\u00e9s dans des conteneurs standards destin\u00e9s \u00e0 des postes de ravitaillement H<sub>2<\/sub>, garantissant ainsi le ravitaillement acc\u00e9l\u00e9r\u00e9 d\u2019une multitude de v\u00e9hicules. NPROXX a d\u00e9velopp\u00e9 r\u00e9cemment un nouveau syst\u00e8me de stockage capable d\u2019accueillir plus de 1\u00a0000 kg de H<sub>2<\/sub> \u00e0 une pression de travail nominale de 500 bar.<\/p>\n<p>Notre portefeuille de produits ne cesse de s\u2019enrichir et se compose d\u2019une vari\u00e9t\u00e9 d\u2019options de stockage pour r\u00e9pondre \u00e0 tous les besoins des clients. Nos syst\u00e8mes sp\u00e9cifiques au stockage fixe prennent actuellement\u00a0:<\/p>\n<ul>\n<li>PED faisceau1000 bar<\/li>\n<li>10\u00a0ft PED 500 bar<\/li>\n<li>20\u00a0ft PED 500 bar<\/li>\n<li>40\u00a0ft PED 500 bar<\/li>\n<\/ul>\n<p><img loading=\"lazy\" decoding=\"async\" class=\"alignnone size-large wp-image-6571\" src=\"https:\/\/www.nproxx.com\/app\/uploads\/2022\/09\/container@2x-1024x681.webp\" alt=\"\" width=\"1024\" height=\"681\" srcset=\"https:\/\/www.nproxx.com\/app\/uploads\/2022\/09\/container@2x-1024x681.webp 1024w, https:\/\/www.nproxx.com\/app\/uploads\/2022\/09\/container@2x-300x199.webp 300w, https:\/\/www.nproxx.com\/app\/uploads\/2022\/09\/container@2x-768x510.webp 768w, https:\/\/www.nproxx.com\/app\/uploads\/2022\/09\/container@2x-1536x1021.webp 1536w, https:\/\/www.nproxx.com\/app\/uploads\/2022\/09\/container@2x-600x399.webp 600w, https:\/\/www.nproxx.com\/app\/uploads\/2022\/09\/container@2x-350x233.webp 350w, https:\/\/www.nproxx.com\/app\/uploads\/2022\/09\/container@2x-800x532.webp 800w, https:\/\/www.nproxx.com\/app\/uploads\/2022\/09\/container@2x-1200x798.webp 1200w, https:\/\/www.nproxx.com\/app\/uploads\/2022\/09\/container@2x-1400x930.webp 1400w, https:\/\/www.nproxx.com\/app\/uploads\/2022\/09\/container@2x.webp 1610w\" sizes=\"auto, (max-width: 1024px) 100vw, 1024px\" \/><\/p>\n<p>Pour voir comment nos syst\u00e8mes sont utilis\u00e9s dans la pratique, consultez notre <a href=\"https:\/\/nproxx.com\/hydrogen-storage\/applications\/\">page sur les applications de stockage de l\u2019hydrog\u00e8ne<\/a>.<\/p>\n<p><strong>Certification et audits<\/strong><\/p>\n<p>Tous les r\u00e9servoirs sous pression d\u2019hydrog\u00e8ne de NPROXX sont soumis \u00e0 des tests intensifs. Nos r\u00e9servoirs sous pression satisfont aux exigences de certification industrielles selon les normes industrielles suivantes\u00a0:<\/p>\n<ul>\n<li>PED<\/li>\n<\/ul>\n","protected":false},"excerpt":{"rendered":"<p>NPROXX offre des options s\u00fbres de stockage fixe de l\u2019hydrog\u00e8ne, ouvrant la voie \u00e0 la consommation de carburant de l\u2019avenir gr\u00e2ce \u00e0 l\u2019innovation des solutions \u00e9nerg\u00e9tiques.<\/p>\n","protected":false},"author":1,"featured_media":6576,"parent":601,"menu_order":0,"comment_status":"closed","ping_status":"closed","template":"","meta":{"_acf_changed":false,"footnotes":""},"class_list":["post-602","page","type-page","status-publish","has-post-thumbnail","hentry"],"acf":[],"yoast_head":"<!-- This site is optimized with the Yoast SEO plugin v24.3 - https:\/\/yoast.com\/wordpress\/plugins\/seo\/ -->\n<title>Stockage fixe - NPROXX<\/title>\n<meta name=\"description\" content=\"NPROXX offre des options s\u00fbres de stockage fixe de l\u2019hydrog\u00e8ne, ouvrant la voie \u00e0 la consommation de carburant de l\u2019avenir gr\u00e2ce \u00e0 l\u2019innovation des solutions \u00e9nerg\u00e9tiques.\" \/>\n<meta name=\"robots\" content=\"index, follow, max-snippet:-1, max-image-preview:large, max-video-preview:-1\" \/>\n<link rel=\"canonical\" href=\"https:\/\/www.nproxx.com\/fr\/transport-et-stockage-fixe\/stockage-fixe\/\" \/>\n<meta property=\"og:locale\" content=\"fr_FR\" \/>\n<meta property=\"og:type\" content=\"article\" \/>\n<meta property=\"og:title\" content=\"Stockage fixe - NPROXX\" \/>\n<meta property=\"og:description\" content=\"NPROXX offre des options s\u00fbres de stockage fixe de l\u2019hydrog\u00e8ne, ouvrant la voie \u00e0 la consommation de carburant de l\u2019avenir gr\u00e2ce \u00e0 l\u2019innovation des solutions \u00e9nerg\u00e9tiques.\" \/>\n<meta property=\"og:url\" content=\"https:\/\/www.nproxx.com\/fr\/transport-et-stockage-fixe\/stockage-fixe\/\" \/>\n<meta property=\"og:site_name\" content=\"NPROXX\" \/>\n<meta property=\"article:modified_time\" content=\"2022-09-20T14:22:57+00:00\" \/>\n<meta property=\"og:image\" content=\"https:\/\/www.nproxx.com\/app\/uploads\/2022\/09\/banner_stationary_applications@3x-scaled.jpg\" \/>\n\t<meta property=\"og:image:width\" content=\"2560\" \/>\n\t<meta property=\"og:image:height\" content=\"770\" \/>\n\t<meta property=\"og:image:type\" content=\"image\/jpeg\" \/>\n<meta name=\"twitter:card\" content=\"summary_large_image\" \/>\n<meta name=\"twitter:label1\" content=\"Est. reading time\" \/>\n\t<meta name=\"twitter:data1\" content=\"2 minute\" \/>\n<script type=\"application\/ld+json\" class=\"yoast-schema-graph\">{\"@context\":\"https:\/\/schema.org\",\"@graph\":[{\"@type\":\"WebPage\",\"@id\":\"https:\/\/www.nproxx.com\/fr\/transport-et-stockage-fixe\/stockage-fixe\/\",\"url\":\"https:\/\/www.nproxx.com\/fr\/transport-et-stockage-fixe\/stockage-fixe\/\",\"name\":\"Stockage fixe - NPROXX\",\"isPartOf\":{\"@id\":\"https:\/\/www.nproxx.com\/fr\/#website\"},\"primaryImageOfPage\":{\"@id\":\"https:\/\/www.nproxx.com\/fr\/transport-et-stockage-fixe\/stockage-fixe\/#primaryimage\"},\"image\":{\"@id\":\"https:\/\/www.nproxx.com\/fr\/transport-et-stockage-fixe\/stockage-fixe\/#primaryimage\"},\"thumbnailUrl\":\"https:\/\/www.nproxx.com\/app\/uploads\/2022\/09\/banner_stationary_applications@3x-scaled.jpg\",\"datePublished\":\"2018-05-11T10:37:08+00:00\",\"dateModified\":\"2022-09-20T14:22:57+00:00\",\"description\":\"NPROXX offre des options s\u00fbres de stockage fixe de l\u2019hydrog\u00e8ne, ouvrant la voie \u00e0 la consommation de carburant de l\u2019avenir gr\u00e2ce \u00e0 l\u2019innovation des solutions \u00e9nerg\u00e9tiques.\",\"breadcrumb\":{\"@id\":\"https:\/\/www.nproxx.com\/fr\/transport-et-stockage-fixe\/stockage-fixe\/#breadcrumb\"},\"inLanguage\":\"fr-FR\",\"potentialAction\":[{\"@type\":\"ReadAction\",\"target\":[\"https:\/\/www.nproxx.com\/fr\/transport-et-stockage-fixe\/stockage-fixe\/\"]}]},{\"@type\":\"ImageObject\",\"inLanguage\":\"fr-FR\",\"@id\":\"https:\/\/www.nproxx.com\/fr\/transport-et-stockage-fixe\/stockage-fixe\/#primaryimage\",\"url\":\"https:\/\/www.nproxx.com\/app\/uploads\/2022\/09\/banner_stationary_applications@3x-scaled.jpg\",\"contentUrl\":\"https:\/\/www.nproxx.com\/app\/uploads\/2022\/09\/banner_stationary_applications@3x-scaled.jpg\",\"width\":2560,\"height\":770,\"caption\":\"A man working amongst Stationary Hydrogen Storage\"},{\"@type\":\"BreadcrumbList\",\"@id\":\"https:\/\/www.nproxx.com\/fr\/transport-et-stockage-fixe\/stockage-fixe\/#breadcrumb\",\"itemListElement\":[{\"@type\":\"ListItem\",\"position\":1,\"name\":\"Transport et stockage fixe\",\"item\":\"https:\/\/www.nproxx.com\/fr\/transport-et-stockage-fixe\/\"},{\"@type\":\"ListItem\",\"position\":2,\"name\":\"Stockage fixe de l\u2019hydrog\u00e8ne\"}]},{\"@type\":\"WebSite\",\"@id\":\"https:\/\/www.nproxx.com\/fr\/#website\",\"url\":\"https:\/\/www.nproxx.com\/fr\/\",\"name\":\"NPROXX\",\"description\":\"Hydrogen Storage and Transport\",\"publisher\":{\"@id\":\"https:\/\/www.nproxx.com\/fr\/#organization\"},\"potentialAction\":[{\"@type\":\"SearchAction\",\"target\":{\"@type\":\"EntryPoint\",\"urlTemplate\":\"https:\/\/www.nproxx.com\/fr\/?s={search_term_string}\"},\"query-input\":{\"@type\":\"PropertyValueSpecification\",\"valueRequired\":true,\"valueName\":\"search_term_string\"}}],\"inLanguage\":\"fr-FR\"},{\"@type\":\"Organization\",\"@id\":\"https:\/\/www.nproxx.com\/fr\/#organization\",\"name\":\"NPROXX\",\"url\":\"https:\/\/www.nproxx.com\/fr\/\",\"logo\":{\"@type\":\"ImageObject\",\"inLanguage\":\"fr-FR\",\"@id\":\"https:\/\/www.nproxx.com\/fr\/#\/schema\/logo\/image\/\",\"url\":\"https:\/\/www.nproxx.com\/app\/uploads\/2018\/09\/nproxx_logo.svg\",\"contentUrl\":\"https:\/\/www.nproxx.com\/app\/uploads\/2018\/09\/nproxx_logo.svg\",\"caption\":\"NPROXX\"},\"image\":{\"@id\":\"https:\/\/www.nproxx.com\/fr\/#\/schema\/logo\/image\/\"}}]}<\/script>\n<!-- \/ Yoast SEO plugin. -->","yoast_head_json":{"title":"Stockage fixe - NPROXX","description":"NPROXX offre des options s\u00fbres de stockage fixe de l\u2019hydrog\u00e8ne, ouvrant la voie \u00e0 la consommation de carburant de l\u2019avenir gr\u00e2ce \u00e0 l\u2019innovation des solutions \u00e9nerg\u00e9tiques.","robots":{"index":"index","follow":"follow","max-snippet":"max-snippet:-1","max-image-preview":"max-image-preview:large","max-video-preview":"max-video-preview:-1"},"canonical":"https:\/\/www.nproxx.com\/fr\/transport-et-stockage-fixe\/stockage-fixe\/","og_locale":"fr_FR","og_type":"article","og_title":"Stockage fixe - NPROXX","og_description":"NPROXX offre des options s\u00fbres de stockage fixe de l\u2019hydrog\u00e8ne, ouvrant la voie \u00e0 la consommation de carburant de l\u2019avenir gr\u00e2ce \u00e0 l\u2019innovation des solutions \u00e9nerg\u00e9tiques.","og_url":"https:\/\/www.nproxx.com\/fr\/transport-et-stockage-fixe\/stockage-fixe\/","og_site_name":"NPROXX","article_modified_time":"2022-09-20T14:22:57+00:00","og_image":[{"width":2560,"height":770,"url":"https:\/\/www.nproxx.com\/app\/uploads\/2022\/09\/banner_stationary_applications@3x-scaled.jpg","type":"image\/jpeg"}],"twitter_card":"summary_large_image","twitter_misc":{"Est. reading time":"2 minute"},"schema":{"@context":"https:\/\/schema.org","@graph":[{"@type":"WebPage","@id":"https:\/\/www.nproxx.com\/fr\/transport-et-stockage-fixe\/stockage-fixe\/","url":"https:\/\/www.nproxx.com\/fr\/transport-et-stockage-fixe\/stockage-fixe\/","name":"Stockage fixe - NPROXX","isPartOf":{"@id":"https:\/\/www.nproxx.com\/fr\/#website"},"primaryImageOfPage":{"@id":"https:\/\/www.nproxx.com\/fr\/transport-et-stockage-fixe\/stockage-fixe\/#primaryimage"},"image":{"@id":"https:\/\/www.nproxx.com\/fr\/transport-et-stockage-fixe\/stockage-fixe\/#primaryimage"},"thumbnailUrl":"https:\/\/www.nproxx.com\/app\/uploads\/2022\/09\/banner_stationary_applications@3x-scaled.jpg","datePublished":"2018-05-11T10:37:08+00:00","dateModified":"2022-09-20T14:22:57+00:00","description":"NPROXX offre des options s\u00fbres de stockage fixe de l\u2019hydrog\u00e8ne, ouvrant la voie \u00e0 la consommation de carburant de l\u2019avenir gr\u00e2ce \u00e0 l\u2019innovation des solutions \u00e9nerg\u00e9tiques.","breadcrumb":{"@id":"https:\/\/www.nproxx.com\/fr\/transport-et-stockage-fixe\/stockage-fixe\/#breadcrumb"},"inLanguage":"fr-FR","potentialAction":[{"@type":"ReadAction","target":["https:\/\/www.nproxx.com\/fr\/transport-et-stockage-fixe\/stockage-fixe\/"]}]},{"@type":"ImageObject","inLanguage":"fr-FR","@id":"https:\/\/www.nproxx.com\/fr\/transport-et-stockage-fixe\/stockage-fixe\/#primaryimage","url":"https:\/\/www.nproxx.com\/app\/uploads\/2022\/09\/banner_stationary_applications@3x-scaled.jpg","contentUrl":"https:\/\/www.nproxx.com\/app\/uploads\/2022\/09\/banner_stationary_applications@3x-scaled.jpg","width":2560,"height":770,"caption":"A man working amongst Stationary Hydrogen Storage"},{"@type":"BreadcrumbList","@id":"https:\/\/www.nproxx.com\/fr\/transport-et-stockage-fixe\/stockage-fixe\/#breadcrumb","itemListElement":[{"@type":"ListItem","position":1,"name":"Transport et stockage fixe","item":"https:\/\/www.nproxx.com\/fr\/transport-et-stockage-fixe\/"},{"@type":"ListItem","position":2,"name":"Stockage fixe de l\u2019hydrog\u00e8ne"}]},{"@type":"WebSite","@id":"https:\/\/www.nproxx.com\/fr\/#website","url":"https:\/\/www.nproxx.com\/fr\/","name":"NPROXX","description":"Hydrogen Storage and Transport","publisher":{"@id":"https:\/\/www.nproxx.com\/fr\/#organization"},"potentialAction":[{"@type":"SearchAction","target":{"@type":"EntryPoint","urlTemplate":"https:\/\/www.nproxx.com\/fr\/?s={search_term_string}"},"query-input":{"@type":"PropertyValueSpecification","valueRequired":true,"valueName":"search_term_string"}}],"inLanguage":"fr-FR"},{"@type":"Organization","@id":"https:\/\/www.nproxx.com\/fr\/#organization","name":"NPROXX","url":"https:\/\/www.nproxx.com\/fr\/","logo":{"@type":"ImageObject","inLanguage":"fr-FR","@id":"https:\/\/www.nproxx.com\/fr\/#\/schema\/logo\/image\/","url":"https:\/\/www.nproxx.com\/app\/uploads\/2018\/09\/nproxx_logo.svg","contentUrl":"https:\/\/www.nproxx.com\/app\/uploads\/2018\/09\/nproxx_logo.svg","caption":"NPROXX"},"image":{"@id":"https:\/\/www.nproxx.com\/fr\/#\/schema\/logo\/image\/"}}]}},"_links":{"self":[{"href":"https:\/\/www.nproxx.com\/fr\/wp-json\/wp\/v2\/pages\/602","targetHints":{"allow":["GET"]}}],"collection":[{"href":"https:\/\/www.nproxx.com\/fr\/wp-json\/wp\/v2\/pages"}],"about":[{"href":"https:\/\/www.nproxx.com\/fr\/wp-json\/wp\/v2\/types\/page"}],"author":[{"embeddable":true,"href":"https:\/\/www.nproxx.com\/fr\/wp-json\/wp\/v2\/users\/1"}],"replies":[{"embeddable":true,"href":"https:\/\/www.nproxx.com\/fr\/wp-json\/wp\/v2\/comments?post=602"}],"version-history":[{"count":3,"href":"https:\/\/www.nproxx.com\/fr\/wp-json\/wp\/v2\/pages\/602\/revisions"}],"predecessor-version":[{"id":6581,"href":"https:\/\/www.nproxx.com\/fr\/wp-json\/wp\/v2\/pages\/602\/revisions\/6581"}],"up":[{"embeddable":true,"href":"https:\/\/www.nproxx.com\/fr\/wp-json\/wp\/v2\/pages\/601"}],"wp:featuredmedia":[{"embeddable":true,"href":"https:\/\/www.nproxx.com\/fr\/wp-json\/wp\/v2\/media\/6576"}],"wp:attachment":[{"href":"https:\/\/www.nproxx.com\/fr\/wp-json\/wp\/v2\/media?parent=602"}],"curies":[{"name":"wp","href":"https:\/\/api.w.org\/{rel}","templated":true}]}}