{"id":4116,"date":"2021-10-26T14:20:14","date_gmt":"2021-10-26T13:20:14","guid":{"rendered":"https:\/\/nproxx.com\/prozessingenieur-entwicklung-m-w-d\/"},"modified":"2021-10-26T14:29:10","modified_gmt":"2021-10-26T13:29:10","slug":"prozessingenieur-entwicklung-m-w-d","status":"publish","type":"page","link":"https:\/\/www.nproxx.com\/nl\/prozessingenieur-entwicklung-m-w-d\/","title":{"rendered":"Prozessingenieur Entwicklung (m\/w\/d)"},"content":{"rendered":"<p><strong>Wer wir sind:<\/strong><\/p>\n<p>NPROXX ist weltweit f\u00fchrend in der Konstruktion, Entwicklung und Fertigung von Druckbeh\u00e4ltern des Typs IV f\u00fcr die Speicherung von Wasserstoff unter hohem Druck. Auf Grundlage vierzigj\u00e4hriger Erfahrung mit Produkten und Systemen aus kohlefaserverst\u00e4rkten Kunststoffen (CFK) in verschiedenen Branchen bietet NPROXX Carbonfaser-Tanksysteme und ma\u00dfgeschneiderte L\u00f6sungen f\u00fcr Wasserstoffspeicheranwendungen: Transport und Speicherung (bis zu 1000\u00a0bar), Schwerlastverkehr (350\u00a0bar), Automobilbau (700\u00a0bar).<\/p>\n<p>Die Unternehmenszentrale von NPROXX befindet sich in Heerlen in den Niederlanden, die Produktionseinrichtungen in J\u00fclich (Deutschland). NPROXX startete als Spin-off von ETC (Enrichment Technology Company) und ist heute ein 50-50%-Joint Venture von ETC und Cummins Inc.<\/p>\n<p><strong>Allgemeines:<\/strong><\/p>\n<p>NPROXX ist auf der Suche nach einem Prozessingenieur (m\/w\/d) im Bereich der Entwicklung, der\/die Verantwortung f\u00fcr die Prozessentwicklung und -optimierung im Bereich unserer Wickellinien \u00fcbernimmt. Sie f\u00fchren Prozessanalysen im Bereich unserer Entwicklungs- und Kundenprojekte durch und unterst\u00fctzen unsere Simulations- sowie Qualit\u00e4tsabteilung bei der Optimierung unserer Laminatauslegung und Produktqualit\u00e4t. Als Prozessingenieur (m\/w\/d) im Bereich der Entwicklung sind Sie Teil unserer Entwicklungs- und Technologieabteilung.<\/p>\n<p><strong>Ihre Aufgaben:<\/strong><\/p>\n<ul>\n<li>Durchf\u00fchrung von Prozessanalysen als Basis f\u00fcr Optimierungen und Qualit\u00e4tssicherung<\/li>\n<li>Betreuung des Wickelprozesses f\u00fcr Typ IV Druckbeh\u00e4lter in der Fertigung<\/li>\n<li>Bewertung des Versagensverhaltens, Berst- und Lastwechselversuche<\/li>\n<li>Entwicklung von Fertigungsrichtlinien<\/li>\n<li>Unterst\u00fctzung aktueller Entwicklungsprojekte<\/li>\n<li>Unterst\u00fctzung aktueller Kundenprojekte<\/li>\n<\/ul>\n<p><strong>Ihr Profil:<\/strong><\/p>\n<ul>\n<li>Abschluss an einer technischen Hochschule, Master\/Bachelor-Studium oder Techniker der Fachrichtung Maschinenbau oder Faserverbund<\/li>\n<li>Praktische Erfahrung im Bereich von Faserverbund-\/Wickelprozessen w\u00fcnschenswert<\/li>\n<li>Verantwortungsbewusstes Verhalten und strukturierte Arbeitsweise mit guten Probleml\u00f6sungsf\u00e4higkeiten<\/li>\n<li>Erfahrung mit Standardisierung und kontinuierlicher Verbesserung (Lean Production)<\/li>\n<li>Sie sprechen flie\u00dfend Englisch und Deutsch<\/li>\n<li>Hohe Sozialkompetenz und Kommunikationsf\u00e4higkeit<\/li>\n<li>Internationale Erfahrung w\u00fcnschenswert<\/li>\n<li>Sehr gute MS-Office-Kenntnisse<\/li>\n<li>Gute Pr\u00e4sentationsf\u00e4higkeiten<\/li>\n<li>Gutes analytisches Denken, gute Selbstorganisation<\/li>\n<li>Sie streben nach Optimierung und fortlaufender Verbesserung<\/li>\n<li>Sie sind praktisch veranlagt, stressresistent und gut organisiert<\/li>\n<li>Wohnort in der Region oder Bereitschaft zum Umzug<\/li>\n<\/ul>\n<p><strong>Berichtslinie:<\/strong><\/p>\n<p>Sie berichten an den Leiter der Entwicklung oder den Technical Director<\/p>\n<p><strong>Wir bieten:<\/strong><\/p>\n<ul>\n<li>Zukunftsorientierte und innovative Produkte, aufregende Aussichten und die Chance zur Gestaltung der emissionsfreien Mobilit\u00e4t der Zukunft<\/li>\n<li>Sehr gute prim\u00e4re und sekund\u00e4re Besch\u00e4ftigungsbedingungen<\/li>\n<li>Flexible Arbeitszeit und M\u00f6glichkeit zur Arbeit im Homeoffice<\/li>\n<li>International ausgerichtete Arbeitsumgebung<\/li>\n<li>Offene und kollegiale Unternehmenskultur<\/li>\n<\/ul>\n<p>&nbsp;<\/p>\n<p>Wenn Sie interessiert sind, senden Sie bitte Ihr Anschreiben mit Lebenslauf mit Angabe der Stellennummer H06\/22 an <a href=\"mailto:careers@nproxx.com\">careers@nproxx.com<\/a>.<br \/>\nNPROXX B.V.<\/p>\n<p>HR Department (Peter Hoedemakers)<\/p>\n<p>Vogt 21<\/p>\n<p>6422 RK Heerlen, Niederlande<\/p>\n<p>Telefon +31 (0)45 7991206<\/p>\n","protected":false},"excerpt":{"rendered":"<p>F\u00fcr den Einsatz an unserem Standort in Heerlen (NL) und J\u00fclich (DE) suchen wir einen<\/p>\n","protected":false},"author":7,"featured_media":1178,"parent":0,"menu_order":0,"comment_status":"closed","ping_status":"closed","template":"","meta":{"_acf_changed":false,"footnotes":""},"class_list":["post-4116","page","type-page","status-publish","has-post-thumbnail","hentry"],"acf":[],"yoast_head":"<!-- This site is optimized with the Yoast SEO plugin v24.3 - https:\/\/yoast.com\/wordpress\/plugins\/seo\/ -->\n<title>Prozessingenieur Entwicklung (m\/w\/d) - NPROXX<\/title>\n<meta name=\"robots\" content=\"index, follow, max-snippet:-1, max-image-preview:large, max-video-preview:-1\" \/>\n<link rel=\"canonical\" href=\"https:\/\/www.nproxx.com\/nl\/prozessingenieur-entwicklung-m-w-d\/\" \/>\n<meta property=\"og:locale\" content=\"nl_NL\" \/>\n<meta property=\"og:type\" content=\"article\" \/>\n<meta property=\"og:title\" content=\"Prozessingenieur Entwicklung (m\/w\/d) - NPROXX\" \/>\n<meta property=\"og:description\" content=\"F\u00fcr den Einsatz an unserem Standort in Heerlen (NL) und J\u00fclich (DE) suchen wir einen\" \/>\n<meta property=\"og:url\" content=\"https:\/\/www.nproxx.com\/nl\/prozessingenieur-entwicklung-m-w-d\/\" \/>\n<meta property=\"og:site_name\" content=\"NPROXX\" \/>\n<meta property=\"article:modified_time\" content=\"2021-10-26T13:29:10+00:00\" \/>\n<meta property=\"og:image\" content=\"https:\/\/www.nproxx.com\/app\/uploads\/2018\/10\/banner_home-6.jpg\" \/>\n\t<meta property=\"og:image:width\" content=\"2732\" \/>\n\t<meta property=\"og:image:height\" content=\"1380\" \/>\n\t<meta property=\"og:image:type\" content=\"image\/jpeg\" \/>\n<meta name=\"twitter:card\" content=\"summary_large_image\" \/>\n<meta name=\"twitter:label1\" content=\"Est. reading time\" \/>\n\t<meta name=\"twitter:data1\" content=\"2 minuten\" \/>\n<script type=\"application\/ld+json\" class=\"yoast-schema-graph\">{\"@context\":\"https:\/\/schema.org\",\"@graph\":[{\"@type\":\"WebPage\",\"@id\":\"https:\/\/www.nproxx.com\/nl\/prozessingenieur-entwicklung-m-w-d\/\",\"url\":\"https:\/\/www.nproxx.com\/nl\/prozessingenieur-entwicklung-m-w-d\/\",\"name\":\"Prozessingenieur Entwicklung (m\/w\/d) - NPROXX\",\"isPartOf\":{\"@id\":\"https:\/\/www.nproxx.com\/fr\/#website\"},\"primaryImageOfPage\":{\"@id\":\"https:\/\/www.nproxx.com\/nl\/prozessingenieur-entwicklung-m-w-d\/#primaryimage\"},\"image\":{\"@id\":\"https:\/\/www.nproxx.com\/nl\/prozessingenieur-entwicklung-m-w-d\/#primaryimage\"},\"thumbnailUrl\":\"https:\/\/www.nproxx.com\/app\/uploads\/2018\/10\/banner_home-6.jpg\",\"datePublished\":\"2021-10-26T13:20:14+00:00\",\"dateModified\":\"2021-10-26T13:29:10+00:00\",\"inLanguage\":\"nl\",\"potentialAction\":[{\"@type\":\"ReadAction\",\"target\":[\"https:\/\/www.nproxx.com\/nl\/prozessingenieur-entwicklung-m-w-d\/\"]}]},{\"@type\":\"ImageObject\",\"inLanguage\":\"nl\",\"@id\":\"https:\/\/www.nproxx.com\/nl\/prozessingenieur-entwicklung-m-w-d\/#primaryimage\",\"url\":\"https:\/\/www.nproxx.com\/app\/uploads\/2018\/10\/banner_home-6.jpg\",\"contentUrl\":\"https:\/\/www.nproxx.com\/app\/uploads\/2018\/10\/banner_home-6.jpg\",\"width\":2732,\"height\":1380,\"caption\":\"Hydrogen storage\"},{\"@type\":\"WebSite\",\"@id\":\"https:\/\/www.nproxx.com\/fr\/#website\",\"url\":\"https:\/\/www.nproxx.com\/fr\/\",\"name\":\"NPROXX\",\"description\":\"Hydrogen Storage and Transport\",\"publisher\":{\"@id\":\"https:\/\/www.nproxx.com\/fr\/#organization\"},\"potentialAction\":[{\"@type\":\"SearchAction\",\"target\":{\"@type\":\"EntryPoint\",\"urlTemplate\":\"https:\/\/www.nproxx.com\/fr\/?s={search_term_string}\"},\"query-input\":{\"@type\":\"PropertyValueSpecification\",\"valueRequired\":true,\"valueName\":\"search_term_string\"}}],\"inLanguage\":\"nl\"},{\"@type\":\"Organization\",\"@id\":\"https:\/\/www.nproxx.com\/fr\/#organization\",\"name\":\"NPROXX\",\"url\":\"https:\/\/www.nproxx.com\/fr\/\",\"logo\":{\"@type\":\"ImageObject\",\"inLanguage\":\"nl\",\"@id\":\"https:\/\/www.nproxx.com\/fr\/#\/schema\/logo\/image\/\",\"url\":\"https:\/\/www.nproxx.com\/app\/uploads\/2018\/09\/nproxx_logo.svg\",\"contentUrl\":\"https:\/\/www.nproxx.com\/app\/uploads\/2018\/09\/nproxx_logo.svg\",\"caption\":\"NPROXX\"},\"image\":{\"@id\":\"https:\/\/www.nproxx.com\/fr\/#\/schema\/logo\/image\/\"}}]}<\/script>\n<!-- \/ Yoast SEO plugin. -->","yoast_head_json":{"title":"Prozessingenieur Entwicklung (m\/w\/d) - NPROXX","robots":{"index":"index","follow":"follow","max-snippet":"max-snippet:-1","max-image-preview":"max-image-preview:large","max-video-preview":"max-video-preview:-1"},"canonical":"https:\/\/www.nproxx.com\/nl\/prozessingenieur-entwicklung-m-w-d\/","og_locale":"nl_NL","og_type":"article","og_title":"Prozessingenieur Entwicklung (m\/w\/d) - NPROXX","og_description":"F\u00fcr den Einsatz an unserem Standort in Heerlen (NL) und J\u00fclich (DE) suchen wir einen","og_url":"https:\/\/www.nproxx.com\/nl\/prozessingenieur-entwicklung-m-w-d\/","og_site_name":"NPROXX","article_modified_time":"2021-10-26T13:29:10+00:00","og_image":[{"width":2732,"height":1380,"url":"https:\/\/www.nproxx.com\/app\/uploads\/2018\/10\/banner_home-6.jpg","type":"image\/jpeg"}],"twitter_card":"summary_large_image","twitter_misc":{"Est. reading time":"2 minuten"},"schema":{"@context":"https:\/\/schema.org","@graph":[{"@type":"WebPage","@id":"https:\/\/www.nproxx.com\/nl\/prozessingenieur-entwicklung-m-w-d\/","url":"https:\/\/www.nproxx.com\/nl\/prozessingenieur-entwicklung-m-w-d\/","name":"Prozessingenieur Entwicklung (m\/w\/d) - NPROXX","isPartOf":{"@id":"https:\/\/www.nproxx.com\/fr\/#website"},"primaryImageOfPage":{"@id":"https:\/\/www.nproxx.com\/nl\/prozessingenieur-entwicklung-m-w-d\/#primaryimage"},"image":{"@id":"https:\/\/www.nproxx.com\/nl\/prozessingenieur-entwicklung-m-w-d\/#primaryimage"},"thumbnailUrl":"https:\/\/www.nproxx.com\/app\/uploads\/2018\/10\/banner_home-6.jpg","datePublished":"2021-10-26T13:20:14+00:00","dateModified":"2021-10-26T13:29:10+00:00","inLanguage":"nl","potentialAction":[{"@type":"ReadAction","target":["https:\/\/www.nproxx.com\/nl\/prozessingenieur-entwicklung-m-w-d\/"]}]},{"@type":"ImageObject","inLanguage":"nl","@id":"https:\/\/www.nproxx.com\/nl\/prozessingenieur-entwicklung-m-w-d\/#primaryimage","url":"https:\/\/www.nproxx.com\/app\/uploads\/2018\/10\/banner_home-6.jpg","contentUrl":"https:\/\/www.nproxx.com\/app\/uploads\/2018\/10\/banner_home-6.jpg","width":2732,"height":1380,"caption":"Hydrogen storage"},{"@type":"WebSite","@id":"https:\/\/www.nproxx.com\/fr\/#website","url":"https:\/\/www.nproxx.com\/fr\/","name":"NPROXX","description":"Hydrogen Storage and Transport","publisher":{"@id":"https:\/\/www.nproxx.com\/fr\/#organization"},"potentialAction":[{"@type":"SearchAction","target":{"@type":"EntryPoint","urlTemplate":"https:\/\/www.nproxx.com\/fr\/?s={search_term_string}"},"query-input":{"@type":"PropertyValueSpecification","valueRequired":true,"valueName":"search_term_string"}}],"inLanguage":"nl"},{"@type":"Organization","@id":"https:\/\/www.nproxx.com\/fr\/#organization","name":"NPROXX","url":"https:\/\/www.nproxx.com\/fr\/","logo":{"@type":"ImageObject","inLanguage":"nl","@id":"https:\/\/www.nproxx.com\/fr\/#\/schema\/logo\/image\/","url":"https:\/\/www.nproxx.com\/app\/uploads\/2018\/09\/nproxx_logo.svg","contentUrl":"https:\/\/www.nproxx.com\/app\/uploads\/2018\/09\/nproxx_logo.svg","caption":"NPROXX"},"image":{"@id":"https:\/\/www.nproxx.com\/fr\/#\/schema\/logo\/image\/"}}]}},"_links":{"self":[{"href":"https:\/\/www.nproxx.com\/nl\/wp-json\/wp\/v2\/pages\/4116","targetHints":{"allow":["GET"]}}],"collection":[{"href":"https:\/\/www.nproxx.com\/nl\/wp-json\/wp\/v2\/pages"}],"about":[{"href":"https:\/\/www.nproxx.com\/nl\/wp-json\/wp\/v2\/types\/page"}],"author":[{"embeddable":true,"href":"https:\/\/www.nproxx.com\/nl\/wp-json\/wp\/v2\/users\/7"}],"replies":[{"embeddable":true,"href":"https:\/\/www.nproxx.com\/nl\/wp-json\/wp\/v2\/comments?post=4116"}],"version-history":[{"count":3,"href":"https:\/\/www.nproxx.com\/nl\/wp-json\/wp\/v2\/pages\/4116\/revisions"}],"predecessor-version":[{"id":4127,"href":"https:\/\/www.nproxx.com\/nl\/wp-json\/wp\/v2\/pages\/4116\/revisions\/4127"}],"wp:featuredmedia":[{"embeddable":true,"href":"https:\/\/www.nproxx.com\/nl\/wp-json\/wp\/v2\/media\/1178"}],"wp:attachment":[{"href":"https:\/\/www.nproxx.com\/nl\/wp-json\/wp\/v2\/media?parent=4116"}],"curies":[{"name":"wp","href":"https:\/\/api.w.org\/{rel}","templated":true}]}}