{"id":687,"date":"2018-01-11T11:42:10","date_gmt":"2018-01-11T11:42:10","guid":{"rendered":"https:\/\/nproxx.com\/about-nproxx\/value-ethos\/"},"modified":"2022-11-30T09:36:44","modified_gmt":"2022-11-30T09:36:44","slug":"onze-visie-en-waarden","status":"publish","type":"page","link":"https:\/\/www.nproxx.com\/nl\/carriere\/onze-visie-en-waarden\/","title":{"rendered":"Onze visie en waarden"},"content":{"rendered":"<p>NPROXX, toonaangevend op het gebied van schone energie, is opgericht met krachtige kernovertuigingen die ons bewegen om positief het onderscheid te maken zowel in de branche als daarbuiten.<\/p>\n<h2>Onze visie<\/h2>\n<p>Door innovatie een schonere en meer duurzame toekomst vormgeven.<\/p>\n<p><img loading=\"lazy\" decoding=\"async\" class=\"alignnone wp-image-6998 size-full\" src=\"https:\/\/www.nproxx.com\/app\/uploads\/2022\/11\/Nproxx14085.jpg\" alt=\"\" width=\"785\" height=\"315\" srcset=\"https:\/\/www.nproxx.com\/app\/uploads\/2022\/11\/Nproxx14085.jpg 785w, https:\/\/www.nproxx.com\/app\/uploads\/2022\/11\/Nproxx14085-300x120.jpg 300w, https:\/\/www.nproxx.com\/app\/uploads\/2022\/11\/Nproxx14085-768x308.jpg 768w, https:\/\/www.nproxx.com\/app\/uploads\/2022\/11\/Nproxx14085-350x140.jpg 350w, https:\/\/www.nproxx.com\/app\/uploads\/2022\/11\/Nproxx14085-600x241.jpg 600w\" sizes=\"auto, (max-width: 785px) 100vw, 785px\" \/><\/p>\n<h2>Onze missie<\/h2>\n<p>Succesvol innoveren, ontwikkelen en produceren van de beste oplossingen voor waterstofopslag onder hoge druk.<\/p>\n<p><img loading=\"lazy\" decoding=\"async\" class=\"alignnone wp-image-6957 size-full\" src=\"https:\/\/www.nproxx.com\/app\/uploads\/2022\/11\/NProxx-day-214590.jpg\" alt=\"\" width=\"785\" height=\"315\" srcset=\"https:\/\/www.nproxx.com\/app\/uploads\/2022\/11\/NProxx-day-214590.jpg 785w, https:\/\/www.nproxx.com\/app\/uploads\/2022\/11\/NProxx-day-214590-300x120.jpg 300w, https:\/\/www.nproxx.com\/app\/uploads\/2022\/11\/NProxx-day-214590-768x308.jpg 768w, https:\/\/www.nproxx.com\/app\/uploads\/2022\/11\/NProxx-day-214590-350x140.jpg 350w, https:\/\/www.nproxx.com\/app\/uploads\/2022\/11\/NProxx-day-214590-600x241.jpg 600w\" sizes=\"auto, (max-width: 785px) 100vw, 785px\" \/><\/p>\n<h2>Onze waarden<\/h2>\n<p><span class=\"wysiwyg wysiwyg--larger\"><strong>Customer Focus<\/strong><\/span><\/p>\n<p>Bij NPROXX werken wij samen met onze klanten om groei en succes te genereren, de beste veilige technologie te ontwikkelen en hoogwaardige oplossingen op maat aan te bieden.<\/p>\n<p><img loading=\"lazy\" decoding=\"async\" class=\"alignnone wp-image-6961 size-full\" src=\"https:\/\/www.nproxx.com\/app\/uploads\/2022\/11\/Nproxx14176.jpg\" alt=\"\" width=\"785\" height=\"315\" srcset=\"https:\/\/www.nproxx.com\/app\/uploads\/2022\/11\/Nproxx14176.jpg 785w, https:\/\/www.nproxx.com\/app\/uploads\/2022\/11\/Nproxx14176-300x120.jpg 300w, https:\/\/www.nproxx.com\/app\/uploads\/2022\/11\/Nproxx14176-768x308.jpg 768w, https:\/\/www.nproxx.com\/app\/uploads\/2022\/11\/Nproxx14176-350x140.jpg 350w, https:\/\/www.nproxx.com\/app\/uploads\/2022\/11\/Nproxx14176-600x241.jpg 600w\" sizes=\"auto, (max-width: 785px) 100vw, 785px\" \/><\/p>\n<p><span class=\"wysiwyg wysiwyg--larger\"><strong>Team Excellence<\/strong><\/span><\/p>\n<p>Hier bij NPROXX werken wij als \u00e9\u00e9n team samen om nuttige oplossingen te cre\u00ebren die onze klanten vooruit helpen.<\/p>\n<p><img loading=\"lazy\" decoding=\"async\" class=\"alignnone wp-image-6965 size-full\" src=\"https:\/\/www.nproxx.com\/app\/uploads\/2022\/11\/NProxx-day-215011.jpg\" alt=\"\" width=\"785\" height=\"315\" srcset=\"https:\/\/www.nproxx.com\/app\/uploads\/2022\/11\/NProxx-day-215011.jpg 785w, https:\/\/www.nproxx.com\/app\/uploads\/2022\/11\/NProxx-day-215011-300x120.jpg 300w, https:\/\/www.nproxx.com\/app\/uploads\/2022\/11\/NProxx-day-215011-768x308.jpg 768w, https:\/\/www.nproxx.com\/app\/uploads\/2022\/11\/NProxx-day-215011-350x140.jpg 350w, https:\/\/www.nproxx.com\/app\/uploads\/2022\/11\/NProxx-day-215011-600x241.jpg 600w\" sizes=\"auto, (max-width: 785px) 100vw, 785px\" \/><\/p>\n<p><span class=\"wysiwyg wysiwyg--larger\"><strong>Innovation<\/strong><\/span><\/p>\n<p>Als onderdeel van de waterstofindustrie streeft NPROXX ernaar onze bestaande oplossingen voortdurend te verbeteren en nieuwe generaties van onze technologie te ontwikkelen.<\/p>\n<p><img loading=\"lazy\" decoding=\"async\" class=\"alignnone wp-image-6969 size-full\" src=\"https:\/\/www.nproxx.com\/app\/uploads\/2022\/11\/DSC5637-1.jpg\" alt=\"\" width=\"785\" height=\"315\" srcset=\"https:\/\/www.nproxx.com\/app\/uploads\/2022\/11\/DSC5637-1.jpg 785w, https:\/\/www.nproxx.com\/app\/uploads\/2022\/11\/DSC5637-1-300x120.jpg 300w, https:\/\/www.nproxx.com\/app\/uploads\/2022\/11\/DSC5637-1-768x308.jpg 768w, https:\/\/www.nproxx.com\/app\/uploads\/2022\/11\/DSC5637-1-350x140.jpg 350w, https:\/\/www.nproxx.com\/app\/uploads\/2022\/11\/DSC5637-1-600x241.jpg 600w\" sizes=\"auto, (max-width: 785px) 100vw, 785px\" \/><\/p>\n<p><span class=\"wysiwyg wysiwyg--larger\"><strong>Integrity<\/strong><\/span><\/p>\n<p>Alle medewerkers van NPROXX zetten zich in om eerlijk, rechtvaardig, respectvol en veilig te handelen en onze bedrijfscultuur van onbetwiste integriteit te versterken.<\/p>\n<p><img loading=\"lazy\" decoding=\"async\" class=\"alignnone wp-image-6973 size-full\" src=\"https:\/\/www.nproxx.com\/app\/uploads\/2022\/11\/Nproxx14320.jpg\" alt=\"\" width=\"785\" height=\"315\" srcset=\"https:\/\/www.nproxx.com\/app\/uploads\/2022\/11\/Nproxx14320.jpg 785w, https:\/\/www.nproxx.com\/app\/uploads\/2022\/11\/Nproxx14320-300x120.jpg 300w, https:\/\/www.nproxx.com\/app\/uploads\/2022\/11\/Nproxx14320-768x308.jpg 768w, https:\/\/www.nproxx.com\/app\/uploads\/2022\/11\/Nproxx14320-350x140.jpg 350w, https:\/\/www.nproxx.com\/app\/uploads\/2022\/11\/Nproxx14320-600x241.jpg 600w\" sizes=\"auto, (max-width: 785px) 100vw, 785px\" \/><\/p>\n<p><span class=\"wysiwyg wysiwyg--larger\"><strong>Sustainability<\/strong><\/span><\/p>\n<p>NPROXX streeft onophoudelijk naar een goede maatschappelijke impact, een minimale ecologische voetafdruk en optimale economische resultaten over de hele linie.<\/p>\n<p><img loading=\"lazy\" decoding=\"async\" class=\"alignnone size-full wp-image-5411\" src=\"https:\/\/nproxx.com\/app\/uploads\/2022\/05\/values_sustainability@2x.jpg\" alt=\"\" width=\"1276\" height=\"420\" srcset=\"https:\/\/www.nproxx.com\/app\/uploads\/2022\/05\/values_sustainability@2x.jpg 1276w, https:\/\/www.nproxx.com\/app\/uploads\/2022\/05\/values_sustainability@2x-300x99.jpg 300w, https:\/\/www.nproxx.com\/app\/uploads\/2022\/05\/values_sustainability@2x-1024x337.jpg 1024w, https:\/\/www.nproxx.com\/app\/uploads\/2022\/05\/values_sustainability@2x-768x253.jpg 768w, https:\/\/www.nproxx.com\/app\/uploads\/2022\/05\/values_sustainability@2x-350x115.jpg 350w, https:\/\/www.nproxx.com\/app\/uploads\/2022\/05\/values_sustainability@2x-600x197.jpg 600w, https:\/\/www.nproxx.com\/app\/uploads\/2022\/05\/values_sustainability@2x-800x263.jpg 800w, https:\/\/www.nproxx.com\/app\/uploads\/2022\/05\/values_sustainability@2x-1200x395.jpg 1200w\" sizes=\"auto, (max-width: 1276px) 100vw, 1276px\" \/><\/p>\n<hr \/>\n<p><a href=\"https:\/\/www.nproxx.com\/nl\/contact\/\">Neem vandaag nog contact met ons op<\/a> om te kijken hoe wij u kunnen helpen bij de opslag van waterstof.<\/p>\n<hr \/>\n<p>&nbsp;<\/p>\n","protected":false},"excerpt":{"rendered":"<p>Ontdek hoe NPROXX voorop loopt in de snel veranderende wereld van schoon transport met onze innovatieve waterstofopslagtechnologie.<\/p>\n","protected":false},"author":1,"featured_media":5421,"parent":5684,"menu_order":3,"comment_status":"closed","ping_status":"closed","template":"","meta":{"_acf_changed":false,"footnotes":""},"class_list":["post-687","page","type-page","status-publish","has-post-thumbnail","hentry"],"acf":[],"yoast_head":"<!-- This site is optimized with the Yoast SEO plugin v24.3 - https:\/\/yoast.com\/wordpress\/plugins\/seo\/ -->\n<title>Visies en waarden - NPROXX<\/title>\n<meta name=\"description\" content=\"Bij NPROXX staat alles wat we doen in het teken van de centrale waarden van de onderneming.\" \/>\n<meta name=\"robots\" content=\"index, follow, max-snippet:-1, max-image-preview:large, max-video-preview:-1\" \/>\n<link rel=\"canonical\" href=\"https:\/\/www.nproxx.com\/nl\/carriere\/onze-visie-en-waarden\/\" \/>\n<meta property=\"og:locale\" content=\"nl_NL\" \/>\n<meta property=\"og:type\" content=\"article\" \/>\n<meta property=\"og:title\" content=\"Visies en waarden - NPROXX\" \/>\n<meta property=\"og:description\" content=\"Bij NPROXX staat alles wat we doen in het teken van de centrale waarden van de onderneming.\" \/>\n<meta property=\"og:url\" content=\"https:\/\/www.nproxx.com\/nl\/carriere\/onze-visie-en-waarden\/\" \/>\n<meta property=\"og:site_name\" content=\"NPROXX\" \/>\n<meta property=\"article:modified_time\" content=\"2022-11-30T09:36:44+00:00\" \/>\n<meta property=\"og:image\" content=\"https:\/\/www.nproxx.com\/app\/uploads\/2022\/05\/our_vision_and_mission-1-scaled.jpg\" \/>\n\t<meta property=\"og:image:width\" content=\"2560\" \/>\n\t<meta property=\"og:image:height\" content=\"843\" \/>\n\t<meta property=\"og:image:type\" content=\"image\/jpeg\" \/>\n<meta name=\"twitter:card\" content=\"summary_large_image\" \/>\n<meta name=\"twitter:label1\" content=\"Est. reading time\" \/>\n\t<meta name=\"twitter:data1\" content=\"3 minuten\" \/>\n<script type=\"application\/ld+json\" class=\"yoast-schema-graph\">{\"@context\":\"https:\/\/schema.org\",\"@graph\":[{\"@type\":\"WebPage\",\"@id\":\"https:\/\/www.nproxx.com\/nl\/carriere\/onze-visie-en-waarden\/\",\"url\":\"https:\/\/www.nproxx.com\/nl\/carriere\/onze-visie-en-waarden\/\",\"name\":\"Visies en waarden - NPROXX\",\"isPartOf\":{\"@id\":\"https:\/\/www.nproxx.com\/fr\/#website\"},\"primaryImageOfPage\":{\"@id\":\"https:\/\/www.nproxx.com\/nl\/carriere\/onze-visie-en-waarden\/#primaryimage\"},\"image\":{\"@id\":\"https:\/\/www.nproxx.com\/nl\/carriere\/onze-visie-en-waarden\/#primaryimage\"},\"thumbnailUrl\":\"https:\/\/www.nproxx.com\/app\/uploads\/2022\/05\/our_vision_and_mission-1-scaled.jpg\",\"datePublished\":\"2018-01-11T11:42:10+00:00\",\"dateModified\":\"2022-11-30T09:36:44+00:00\",\"description\":\"Bij NPROXX staat alles wat we doen in het teken van de centrale waarden van de onderneming.\",\"breadcrumb\":{\"@id\":\"https:\/\/www.nproxx.com\/nl\/carriere\/onze-visie-en-waarden\/#breadcrumb\"},\"inLanguage\":\"nl\",\"potentialAction\":[{\"@type\":\"ReadAction\",\"target\":[\"https:\/\/www.nproxx.com\/nl\/carriere\/onze-visie-en-waarden\/\"]}]},{\"@type\":\"ImageObject\",\"inLanguage\":\"nl\",\"@id\":\"https:\/\/www.nproxx.com\/nl\/carriere\/onze-visie-en-waarden\/#primaryimage\",\"url\":\"https:\/\/www.nproxx.com\/app\/uploads\/2022\/05\/our_vision_and_mission-1-scaled.jpg\",\"contentUrl\":\"https:\/\/www.nproxx.com\/app\/uploads\/2022\/05\/our_vision_and_mission-1-scaled.jpg\",\"width\":2560,\"height\":843},{\"@type\":\"BreadcrumbList\",\"@id\":\"https:\/\/www.nproxx.com\/nl\/carriere\/onze-visie-en-waarden\/#breadcrumb\",\"itemListElement\":[{\"@type\":\"ListItem\",\"position\":1,\"name\":\"Werken bij NPROXX\",\"item\":\"https:\/\/www.nproxx.com\/nl\/carriere\/\"},{\"@type\":\"ListItem\",\"position\":2,\"name\":\"Onze visie en waarden\"}]},{\"@type\":\"WebSite\",\"@id\":\"https:\/\/www.nproxx.com\/fr\/#website\",\"url\":\"https:\/\/www.nproxx.com\/fr\/\",\"name\":\"NPROXX\",\"description\":\"Hydrogen Storage and Transport\",\"publisher\":{\"@id\":\"https:\/\/www.nproxx.com\/fr\/#organization\"},\"potentialAction\":[{\"@type\":\"SearchAction\",\"target\":{\"@type\":\"EntryPoint\",\"urlTemplate\":\"https:\/\/www.nproxx.com\/fr\/?s={search_term_string}\"},\"query-input\":{\"@type\":\"PropertyValueSpecification\",\"valueRequired\":true,\"valueName\":\"search_term_string\"}}],\"inLanguage\":\"nl\"},{\"@type\":\"Organization\",\"@id\":\"https:\/\/www.nproxx.com\/fr\/#organization\",\"name\":\"NPROXX\",\"url\":\"https:\/\/www.nproxx.com\/fr\/\",\"logo\":{\"@type\":\"ImageObject\",\"inLanguage\":\"nl\",\"@id\":\"https:\/\/www.nproxx.com\/fr\/#\/schema\/logo\/image\/\",\"url\":\"https:\/\/www.nproxx.com\/app\/uploads\/2018\/09\/nproxx_logo.svg\",\"contentUrl\":\"https:\/\/www.nproxx.com\/app\/uploads\/2018\/09\/nproxx_logo.svg\",\"caption\":\"NPROXX\"},\"image\":{\"@id\":\"https:\/\/www.nproxx.com\/fr\/#\/schema\/logo\/image\/\"}}]}<\/script>\n<!-- \/ Yoast SEO plugin. -->","yoast_head_json":{"title":"Visies en waarden - NPROXX","description":"Bij NPROXX staat alles wat we doen in het teken van de centrale waarden van de onderneming.","robots":{"index":"index","follow":"follow","max-snippet":"max-snippet:-1","max-image-preview":"max-image-preview:large","max-video-preview":"max-video-preview:-1"},"canonical":"https:\/\/www.nproxx.com\/nl\/carriere\/onze-visie-en-waarden\/","og_locale":"nl_NL","og_type":"article","og_title":"Visies en waarden - NPROXX","og_description":"Bij NPROXX staat alles wat we doen in het teken van de centrale waarden van de onderneming.","og_url":"https:\/\/www.nproxx.com\/nl\/carriere\/onze-visie-en-waarden\/","og_site_name":"NPROXX","article_modified_time":"2022-11-30T09:36:44+00:00","og_image":[{"width":2560,"height":843,"url":"https:\/\/www.nproxx.com\/app\/uploads\/2022\/05\/our_vision_and_mission-1-scaled.jpg","type":"image\/jpeg"}],"twitter_card":"summary_large_image","twitter_misc":{"Est. reading time":"3 minuten"},"schema":{"@context":"https:\/\/schema.org","@graph":[{"@type":"WebPage","@id":"https:\/\/www.nproxx.com\/nl\/carriere\/onze-visie-en-waarden\/","url":"https:\/\/www.nproxx.com\/nl\/carriere\/onze-visie-en-waarden\/","name":"Visies en waarden - NPROXX","isPartOf":{"@id":"https:\/\/www.nproxx.com\/fr\/#website"},"primaryImageOfPage":{"@id":"https:\/\/www.nproxx.com\/nl\/carriere\/onze-visie-en-waarden\/#primaryimage"},"image":{"@id":"https:\/\/www.nproxx.com\/nl\/carriere\/onze-visie-en-waarden\/#primaryimage"},"thumbnailUrl":"https:\/\/www.nproxx.com\/app\/uploads\/2022\/05\/our_vision_and_mission-1-scaled.jpg","datePublished":"2018-01-11T11:42:10+00:00","dateModified":"2022-11-30T09:36:44+00:00","description":"Bij NPROXX staat alles wat we doen in het teken van de centrale waarden van de onderneming.","breadcrumb":{"@id":"https:\/\/www.nproxx.com\/nl\/carriere\/onze-visie-en-waarden\/#breadcrumb"},"inLanguage":"nl","potentialAction":[{"@type":"ReadAction","target":["https:\/\/www.nproxx.com\/nl\/carriere\/onze-visie-en-waarden\/"]}]},{"@type":"ImageObject","inLanguage":"nl","@id":"https:\/\/www.nproxx.com\/nl\/carriere\/onze-visie-en-waarden\/#primaryimage","url":"https:\/\/www.nproxx.com\/app\/uploads\/2022\/05\/our_vision_and_mission-1-scaled.jpg","contentUrl":"https:\/\/www.nproxx.com\/app\/uploads\/2022\/05\/our_vision_and_mission-1-scaled.jpg","width":2560,"height":843},{"@type":"BreadcrumbList","@id":"https:\/\/www.nproxx.com\/nl\/carriere\/onze-visie-en-waarden\/#breadcrumb","itemListElement":[{"@type":"ListItem","position":1,"name":"Werken bij NPROXX","item":"https:\/\/www.nproxx.com\/nl\/carriere\/"},{"@type":"ListItem","position":2,"name":"Onze visie en waarden"}]},{"@type":"WebSite","@id":"https:\/\/www.nproxx.com\/fr\/#website","url":"https:\/\/www.nproxx.com\/fr\/","name":"NPROXX","description":"Hydrogen Storage and Transport","publisher":{"@id":"https:\/\/www.nproxx.com\/fr\/#organization"},"potentialAction":[{"@type":"SearchAction","target":{"@type":"EntryPoint","urlTemplate":"https:\/\/www.nproxx.com\/fr\/?s={search_term_string}"},"query-input":{"@type":"PropertyValueSpecification","valueRequired":true,"valueName":"search_term_string"}}],"inLanguage":"nl"},{"@type":"Organization","@id":"https:\/\/www.nproxx.com\/fr\/#organization","name":"NPROXX","url":"https:\/\/www.nproxx.com\/fr\/","logo":{"@type":"ImageObject","inLanguage":"nl","@id":"https:\/\/www.nproxx.com\/fr\/#\/schema\/logo\/image\/","url":"https:\/\/www.nproxx.com\/app\/uploads\/2018\/09\/nproxx_logo.svg","contentUrl":"https:\/\/www.nproxx.com\/app\/uploads\/2018\/09\/nproxx_logo.svg","caption":"NPROXX"},"image":{"@id":"https:\/\/www.nproxx.com\/fr\/#\/schema\/logo\/image\/"}}]}},"_links":{"self":[{"href":"https:\/\/www.nproxx.com\/nl\/wp-json\/wp\/v2\/pages\/687","targetHints":{"allow":["GET"]}}],"collection":[{"href":"https:\/\/www.nproxx.com\/nl\/wp-json\/wp\/v2\/pages"}],"about":[{"href":"https:\/\/www.nproxx.com\/nl\/wp-json\/wp\/v2\/types\/page"}],"author":[{"embeddable":true,"href":"https:\/\/www.nproxx.com\/nl\/wp-json\/wp\/v2\/users\/1"}],"replies":[{"embeddable":true,"href":"https:\/\/www.nproxx.com\/nl\/wp-json\/wp\/v2\/comments?post=687"}],"version-history":[{"count":12,"href":"https:\/\/www.nproxx.com\/nl\/wp-json\/wp\/v2\/pages\/687\/revisions"}],"predecessor-version":[{"id":7003,"href":"https:\/\/www.nproxx.com\/nl\/wp-json\/wp\/v2\/pages\/687\/revisions\/7003"}],"up":[{"embeddable":true,"href":"https:\/\/www.nproxx.com\/nl\/wp-json\/wp\/v2\/pages\/5684"}],"wp:featuredmedia":[{"embeddable":true,"href":"https:\/\/www.nproxx.com\/nl\/wp-json\/wp\/v2\/media\/5421"}],"wp:attachment":[{"href":"https:\/\/www.nproxx.com\/nl\/wp-json\/wp\/v2\/media?parent=687"}],"curies":[{"name":"wp","href":"https:\/\/api.w.org\/{rel}","templated":true}]}}